{"id":813,"date":"2024-02-08T21:48:33","date_gmt":"2024-02-08T21:48:33","guid":{"rendered":"https:\/\/krabo.len.ee\/services\/"},"modified":"2024-07-08T21:05:04","modified_gmt":"2024-07-08T21:05:04","slug":"serviss","status":"publish","type":"page","link":"https:\/\/krabo.len.ee\/lv\/serviss\/","title":{"rendered":"Serviss"},"content":{"rendered":"\r\n<div class=\"pt-50 pb-90 pt-md-40 pb-md-40 pt-sm-40 pb-sm-40 color-white bg-color-blue with-info page-title\">\r\n    <div class=\"container\">\r\n        <h1 class=\"page-title__title\"><svg data-name=\"drop\" xmlns=\"http:\/\/www.w3.org\/2000\/svg\"\r\n                viewBox=\"0 0 21.13 29.6\">\r\n                <g>\r\n                    <path\r\n                        d=\"m10.57,1.8l7.93,11.87c1.07,1.59,1.64,3.44,1.64,5.36,0,5.28-4.29,9.57-9.57,9.57S1,24.31,1,19.03c0-1.93.57-3.78,1.66-5.38L10.57,1.8m0-1.8L1.83,13.09c-1.15,1.69-1.83,3.74-1.83,5.94,0,5.84,4.73,10.57,10.57,10.57s10.57-4.73,10.57-10.57c0-2.19-.67-4.23-1.81-5.92L10.57,0h0Z\" \/>\r\n                <\/g>\r\n            <\/svg>Serviss<\/h1>\r\n                <div class=\"page-title__info\">Ja v\u0113laties pieteikt objektu apkopes servisam, aicin\u0101m j\u016bs elektroniski sazin\u0101ties ar mums! Pakalpojumu sniedzam vis\u0101 Latvijas teritorij\u0101.<\/div>\r\n            <\/div>\r\n<\/div>\r\n\r\n\n\n\r\n<div class=\"pt-80 pb-70 pt-md-40 pb-md-30 pt-sm-40 pb-sm-30 bg-none block-services\">\r\n    <div class=\"container\">\r\n        <div class=\"row\">\r\n            <div class=\"section-title white\">\r\n                                                <\/div>\r\n        <\/div>\r\n                <div class=\"row column-sm\">\r\n                        <div class=\"col-4 col-sm-12 block-services__item\" data-aos=\"fade-up\" data-aos-delay=\"0\">\r\n                <div class=\"block-services__item-icon\"><img loading=\"lazy\" decoding=\"async\" \r\n                    width=\"80\" \r\n                    height=\"58\" \r\n                    src=\"https:\/\/krabo.len.ee\/wp-content\/uploads\/2024\/03\/icon-services-blue-1.svg\" \r\n                    alt=\"\"><\/div>\r\n                <div class=\"block-services__item-title\">Inform\u0113jiet m\u016bs par v\u0113lmi sa\u0146emt servisa pakalpojumus, rakstot uz info@krabo.eu.  Atbild\u0113sim 1-2 darba dienu laik\u0101.<\/div>\r\n\r\n            <\/div>\r\n                        <div class=\"col-4 col-sm-12 block-services__item\" data-aos=\"fade-up\" data-aos-delay=\"100\">\r\n                <div class=\"block-services__item-icon\"><img loading=\"lazy\" decoding=\"async\" \r\n                    width=\"80\" \r\n                    height=\"80\" \r\n                    src=\"https:\/\/krabo.len.ee\/wp-content\/uploads\/2024\/03\/icon-services-blue-2.svg\" \r\n                    alt=\"\"><\/div>\r\n                <div class=\"block-services__item-title\">M\u0113s apsekosim iek\u0101rtas un sagatavosim lab\u0101ko iesp\u0113jamo pied\u0101v\u0101jumu.<\/div>\r\n\r\n            <\/div>\r\n                        <div class=\"col-4 col-sm-12 block-services__item\" data-aos=\"fade-up\" data-aos-delay=\"200\">\r\n                <div class=\"block-services__item-icon\"><img loading=\"lazy\" decoding=\"async\" \r\n                    width=\"80\" \r\n                    height=\"70\" \r\n                    src=\"https:\/\/krabo.len.ee\/wp-content\/uploads\/2024\/03\/icon-services-blue-3.svg\" \r\n                    alt=\"\"><\/div>\r\n                <div class=\"block-services__item-title\">Sl\u0113dzam l\u012bgumu, kas nosaka veicamo darbu apjomu, termi\u0146us, izmaksas un abu pu\u0161u savstarp\u0113jo atbild\u012bbu.<\/div>\r\n\r\n            <\/div>\r\n                    <\/div>\r\n                            <\/div>\r\n<\/div>\r\n\r\n\n\n\r\n\r\n<div class=\"pt-0 pb-0 pt-md-0 pb-md-0 pt-sm-0 pb-sm-0 block-text\" data-aos=\"fade-up\">\r\n    <div class=\"container\">\r\n        <div class=\"row\">\r\n            <div class=\"col-12 text\"><p>Iek\u0101rtu apseko\u0161anas laik\u0101 tiek p\u0101rbaud\u012bta to darb\u012bba, deta\u013cu un elektroiek\u0101rtu nolietojuma pak\u0101pe, sasl\u0113gums. Ja iek\u0101rtu darb\u012bba ir trauc\u0113ta, veicam defekt\u0101ciju, fiks\u0113jam c\u0113lo\u0146us un sniedzam risin\u0101jumus. Pied\u0101v\u0101jam pal\u012bdz\u012bbu ar\u012b iek\u0101rtu regul\u0113\u0161an\u0101, veicam notek\u016bde\u0146u anal\u012bzes, koment\u0113jam rezult\u0101tus, konsult\u0113jam.<\/p>\n<p>Ja v\u0113laties pieteikt objektu apkopes servisam, aicin\u0101m j\u016bs elektroniski sazin\u0101ties ar mums! Pakalpojumu sniedzam vis\u0101 Latvijas teritorij\u0101.<\/p>\n<\/div>\r\n        <\/div>\r\n    <\/div>\r\n<\/div>\r\n\r\n\n\n\r\n\r\n<div class=\"pt-40 pb-50 pt-md-30 pb-md-30 pt-sm-30 pb-sm-30 block-gallery lightbox\">\r\n    <div class=\"container\">\r\n        <div class=\"row row-wrap gap-sm-10 gallery\">\r\n                        <a href=\"#\"  class=\"col-4 col-sm-6 block-gallery__item\" data-index=\"0\" data-aos=\"fade-up\">\r\n                                    <figure>\r\n                    <img loading=\"lazy\" decoding=\"async\" width=\"400\" \r\n                        height=\"400\" \r\n                        src=\"https:\/\/krabo.len.ee\/wp-content\/uploads\/2024\/03\/gallery-4-400x400.jpg\" \r\n                        alt=\"\">\r\n                    <\/figure>\r\n                                \r\n                \r\n            <\/a>\r\n                        <a href=\"#\"  class=\"col-4 col-sm-6 block-gallery__item\" data-index=\"1\" data-aos=\"fade-up\">\r\n                                    <video width=\"400\" height=\"400\">\r\n  <source src=\"https:\/\/krabo.len.ee\/wp-content\/uploads\/2024\/04\/file_example_MP4_480_1_5MG.mp4#t=0.1\" type=\"video\/mp4\">\r\nYour browser does not support the video tag.\r\n<\/video>\r\n                                \r\n                \r\n            <\/a>\r\n                        <a href=\"#\"  class=\"col-4 col-sm-6 block-gallery__item\" data-index=\"2\" data-aos=\"fade-up\">\r\n                                    <iframe loading=\"lazy\" title=\"HEAVY CONSTRUCTION of a Sewage Pump Station - Ep 5\" width=\"640\" height=\"360\" src=\"https:\/\/www.youtube.com\/embed\/Seb3lULQruE?feature=oembed\" frameborder=\"0\" allow=\"accelerometer; autoplay; clipboard-write; encrypted-media; gyroscope; picture-in-picture; web-share\" referrerpolicy=\"strict-origin-when-cross-origin\" allowfullscreen><\/iframe>                                \r\n                \r\n            <\/a>\r\n                        <a href=\"#\"  class=\"col-4 col-sm-6 block-gallery__item\" data-index=\"3\" data-aos=\"fade-up\">\r\n                                    <figure>\r\n                    <img loading=\"lazy\" decoding=\"async\" width=\"400\" \r\n                        height=\"400\" \r\n                        src=\"https:\/\/krabo.len.ee\/wp-content\/uploads\/2024\/03\/gallery-2-400x400.jpg\" \r\n                        alt=\"\">\r\n                    <\/figure>\r\n                                \r\n                \r\n            <\/a>\r\n                        <a href=\"#\"  class=\"col-4 col-sm-6 block-gallery__item\" data-index=\"4\" data-aos=\"fade-up\">\r\n                                    <figure>\r\n                    <img loading=\"lazy\" decoding=\"async\" width=\"400\" \r\n                        height=\"400\" \r\n                        src=\"https:\/\/krabo.len.ee\/wp-content\/uploads\/2024\/03\/gallery-4-400x400.jpg\" \r\n                        alt=\"\">\r\n                    <\/figure>\r\n                                \r\n                \r\n            <\/a>\r\n                        <a href=\"#\"  class=\"col-4 col-sm-6 block-gallery__item\" data-index=\"5\" data-aos=\"fade-up\">\r\n                                    <figure>\r\n                    <img loading=\"lazy\" decoding=\"async\" width=\"400\" \r\n                        height=\"400\" \r\n                        src=\"https:\/\/krabo.len.ee\/wp-content\/uploads\/2024\/03\/gallery-2-400x400.jpg\" \r\n                        alt=\"\">\r\n                    <\/figure>\r\n                                \r\n                \r\n            <\/a>\r\n                        <div class=\"popup popup-gallery\" style=\"display: none;\">\r\n                <button class=\"close-popup\"><svg xmlns=\"http:\/\/www.w3.org\/2000\/svg\" viewBox=\"0 0 21.94 21.94\"><g>\r\n                    <g>\r\n                    <line class=\"close-popup__line\" x1=\".5\" y1=\".5\" x2=\"21.44\" y2=\"21.44\"\/>\r\n                    <line class=\"close-popup__line\" x1=\"21.44\" y1=\".5\" x2=\".5\" y2=\"21.44\"\/>\r\n                    <\/g>\r\n                <\/g>\r\n                <\/svg><\/button>\r\n                <div class=\"popup-gallery__wrap\">\r\n                    \r\n                    <div class=\"gallery\">                \r\n                        <div class=\"swiper-container gallery-slider\">\r\n                            <div class=\"swiper-wrapper\">\r\n                                                                    <div class=\"swiper-slide\">\r\n                                                                            <img loading=\"lazy\" decoding=\"async\" width=\"801\" \r\n                                            height=\"801\" \r\n                                            src=\"https:\/\/krabo.len.ee\/wp-content\/uploads\/2024\/03\/gallery-4.jpg\" \r\n                                            alt=\"\">\r\n                                     \r\n                                <\/div>\r\n                                                                    <div class=\"swiper-slide\">\r\n                                                                            <video width=\"400\" height=\"400\" controls>\r\n                                        <source src=\"https:\/\/krabo.len.ee\/wp-content\/uploads\/2024\/04\/file_example_MP4_480_1_5MG.mp4#t=0.1\" type=\"video\/mp4\">\r\n                                        Your browser does not support the video tag.\r\n                                        <\/video>\r\n                                     \r\n                                <\/div>\r\n                                                                    <div class=\"swiper-slide\">\r\n                                                                            <div class=\"embed-video\">\r\n                                            <span class=\"left\"><\/span>\r\n                                            <div class=\"video\"><iframe loading=\"lazy\" title=\"HEAVY CONSTRUCTION of a Sewage Pump Station - Ep 5\" width=\"640\" height=\"360\" src=\"https:\/\/www.youtube.com\/embed\/Seb3lULQruE?feature=oembed\" frameborder=\"0\" allow=\"accelerometer; autoplay; clipboard-write; encrypted-media; gyroscope; picture-in-picture; web-share\" referrerpolicy=\"strict-origin-when-cross-origin\" allowfullscreen><\/iframe><\/div>\r\n                                            <span class=\"right\"><\/span>\r\n                                        <\/div>\r\n                                     \r\n                                <\/div>\r\n                                                                    <div class=\"swiper-slide\">\r\n                                                                            <img loading=\"lazy\" decoding=\"async\" width=\"801\" \r\n                                            height=\"801\" \r\n                                            src=\"https:\/\/krabo.len.ee\/wp-content\/uploads\/2024\/03\/gallery-2.jpg\" \r\n                                            alt=\"\">\r\n                                     \r\n                                <\/div>\r\n                                                                    <div class=\"swiper-slide\">\r\n                                                                            <img loading=\"lazy\" decoding=\"async\" width=\"801\" \r\n                                            height=\"801\" \r\n                                            src=\"https:\/\/krabo.len.ee\/wp-content\/uploads\/2024\/03\/gallery-4.jpg\" \r\n                                            alt=\"\">\r\n                                     \r\n                                <\/div>\r\n                                                                    <div class=\"swiper-slide\">\r\n                                                                            <img loading=\"lazy\" decoding=\"async\" width=\"801\" \r\n                                            height=\"801\" \r\n                                            src=\"https:\/\/krabo.len.ee\/wp-content\/uploads\/2024\/03\/gallery-2.jpg\" \r\n                                            alt=\"\">\r\n                                     \r\n                                <\/div>\r\n                                                                \r\n                            <\/div>\r\n                        <\/div>\r\n                    \r\n                        <div class=\"thumbs-wrap\">\r\n                            <div class=\"swiper-container gallery-thumbs\">\r\n                                <div class=\"swiper-wrapper\">\r\n                                                                    <div class=\"swiper-slide\">\r\n                                                                            <img loading=\"lazy\" decoding=\"async\" width=\"120\" \r\n                                            height=\"120\" \r\n                                            src=\"https:\/\/krabo.len.ee\/wp-content\/uploads\/2024\/03\/gallery-4-120x120.jpg\" \r\n                                            alt=\"\">\r\n                                                                        <\/div>\r\n                                                                        <div class=\"swiper-slide\">\r\n                                                                            <video width=\"400\" height=\"400\">\r\n                                        <source src=\"https:\/\/krabo.len.ee\/wp-content\/uploads\/2024\/04\/file_example_MP4_480_1_5MG.mp4#t=0.1\" type=\"video\/mp4\">\r\n                                        Your browser does not support the video tag.\r\n                                        <\/video>\r\n                                                                        <\/div>\r\n                                                                        <div class=\"swiper-slide\">\r\n                                                                            <iframe loading=\"lazy\" title=\"HEAVY CONSTRUCTION of a Sewage Pump Station - Ep 5\" width=\"640\" height=\"360\" src=\"https:\/\/www.youtube.com\/embed\/Seb3lULQruE?feature=oembed\" frameborder=\"0\" allow=\"accelerometer; autoplay; clipboard-write; encrypted-media; gyroscope; picture-in-picture; web-share\" referrerpolicy=\"strict-origin-when-cross-origin\" allowfullscreen><\/iframe>                                                                        <\/div>\r\n                                                                        <div class=\"swiper-slide\">\r\n                                                                            <img loading=\"lazy\" decoding=\"async\" width=\"120\" \r\n                                            height=\"120\" \r\n                                            src=\"https:\/\/krabo.len.ee\/wp-content\/uploads\/2024\/03\/gallery-2-120x120.jpg\" \r\n                                            alt=\"\">\r\n                                                                        <\/div>\r\n                                                                        <div class=\"swiper-slide\">\r\n                                                                            <img loading=\"lazy\" decoding=\"async\" width=\"120\" \r\n                                            height=\"120\" \r\n                                            src=\"https:\/\/krabo.len.ee\/wp-content\/uploads\/2024\/03\/gallery-4-120x120.jpg\" \r\n                                            alt=\"\">\r\n                                                                        <\/div>\r\n                                                                        <div class=\"swiper-slide\">\r\n                                                                            <img loading=\"lazy\" decoding=\"async\" width=\"120\" \r\n                                            height=\"120\" \r\n                                            src=\"https:\/\/krabo.len.ee\/wp-content\/uploads\/2024\/03\/gallery-2-120x120.jpg\" \r\n                                            alt=\"\">\r\n                                                                        <\/div>\r\n                                                                    <\/div>\r\n                                \r\n                            <\/div>\r\n                            <div class=\"arrows-wrap\">\r\n                                <div class=\"swiper-button-prev\"><svg xmlns=\"http:\/\/www.w3.org\/2000\/svg\" viewBox=\"0 0 12.12 21.41\"><g>\r\n                                    <polyline points=\".71 .71 10.71 10.71 .71 20.71\"\/><\/g><\/svg>\r\n                                <\/div>\r\n                                <div class=\"swiper-button-next\"><svg xmlns=\"http:\/\/www.w3.org\/2000\/svg\" viewBox=\"0 0 12.12 21.41\"><g>\r\n                                    <polyline points=\".71 .71 10.71 10.71 .71 20.71\"\/><\/g><\/svg>\r\n                                <\/div>\r\n                            <\/div>\r\n                        <\/div>\r\n                    <\/div>\r\n                <\/div>\r\n            <\/div>\r\n        <\/div>\r\n    <\/div>\r\n<\/div>\r\n\r\n\n\n\r\n<div class=\"pt-60 pb-170 pt-md-20 pb-md-80 pt-sm-20 pb-sm-80 block-contact\">\r\n    <div class=\"container\">\r\n        <div class=\"row\">\r\n                        <div class=\"section-title\">\r\n                <h3 class=\"section-title__title\"><svg data-name=\"drop\" xmlns=\"http:\/\/www.w3.org\/2000\/svg\"\r\n                        viewBox=\"0 0 21.13 29.6\">\r\n                        <g>\r\n                            <path\r\n                                d=\"m10.57,1.8l7.93,11.87c1.07,1.59,1.64,3.44,1.64,5.36,0,5.28-4.29,9.57-9.57,9.57S1,24.31,1,19.03c0-1.93.57-3.78,1.66-5.38L10.57,1.8m0-1.8L1.83,13.09c-1.15,1.69-1.83,3.74-1.83,5.94,0,5.84,4.73,10.57,10.57,10.57s10.57-4.73,10.57-10.57c0-2.19-.67-4.23-1.81-5.92L10.57,0h0Z\" \/>\r\n                        <\/g>\r\n                    <\/svg> K\u0101 varam Jums pal\u012bdz\u0113t?<\/h3>\r\n            <\/div>\r\n                    <\/div>\r\n        <div class=\"row\">\r\n                        <div class=\"block-contact__info\"><p>M\u016bsu draudz\u012bg\u0101 un zino\u0161\u0101 komanda ir \u0161eit, lai jums pal\u012bdz\u0113tu!<br \/>\nSazinieties ar mums, zvanot, rakstot e-pastu vai izmantojot kontaktformu.<\/p>\n<\/div>\r\n                    <\/div>\r\n        <div class=\"row column-sm\">\r\n                        <div class=\"col-6  col-sm-12 block-contact__item\">\r\n                <div class=\"block-contact__item-icon\">\r\n                    <img loading=\"lazy\" decoding=\"async\" width=\"65\" height=\"66\" src=\"https:\/\/krabo.len.ee\/wp-content\/themes\/krabo\/img\/icon-phone.svg\" alt=\"\">\r\n                <\/div>\r\n                <a href=\"tel:+37167298880\" class=\"block-contact__item-value\">+371 67298880<\/a>\r\n            <\/div>\r\n                                    <div class=\"col-6  col-sm-12 block-contact__item\">\r\n                <div class=\"block-contact__item-icon\">\r\n                    <img loading=\"lazy\" decoding=\"async\" width=\"65\" height=\"48\" src=\"https:\/\/krabo.len.ee\/wp-content\/themes\/krabo\/img\/icon-email.svg\" alt=\"\">\r\n                <\/div>\r\n                <a href=\"mailto:info@krabo.eu\" class=\"block-contact__item-value\">info@krabo.eu<\/a>\r\n            <\/div>\r\n                    <\/div>\r\n                <div class=\"row\">\r\n            <a href=\"https:\/\/krabo.len.ee\/lv\/kontakti\/\" class=\"btn-accent\">Kontakti<\/a>\r\n        <\/div>\r\n            <\/div>\r\n<\/div>\r\n\r\n","protected":false},"excerpt":{"rendered":"","protected":false},"author":2,"featured_media":0,"parent":0,"menu_order":0,"comment_status":"closed","ping_status":"closed","template":"","meta":{"_acf_changed":false,"footnotes":""},"class_list":["post-813","page","type-page","status-publish","hentry"],"acf":[],"yoast_head":"<!-- This site is optimized with the Yoast SEO plugin v22.2 - https:\/\/yoast.com\/wordpress\/plugins\/seo\/ -->\n<title>Serviss - Krabo<\/title>\n<meta name=\"robots\" content=\"noindex, follow, max-snippet:-1, max-image-preview:large, max-video-preview:-1\" \/>\n<meta property=\"og:locale\" content=\"lv_LV\" \/>\n<meta property=\"og:type\" content=\"article\" \/>\n<meta property=\"og:title\" content=\"Serviss - Krabo\" \/>\n<meta property=\"og:url\" content=\"https:\/\/krabo.len.ee\/lv\/serviss\/\" \/>\n<meta property=\"og:site_name\" content=\"Krabo\" \/>\n<meta property=\"article:modified_time\" content=\"2024-07-08T21:05:04+00:00\" \/>\n<meta name=\"twitter:card\" content=\"summary_large_image\" \/>\n<script type=\"application\/ld+json\" class=\"yoast-schema-graph\">{\"@context\":\"https:\/\/schema.org\",\"@graph\":[{\"@type\":\"WebPage\",\"@id\":\"https:\/\/krabo.len.ee\/lv\/serviss\/\",\"url\":\"https:\/\/krabo.len.ee\/lv\/serviss\/\",\"name\":\"Serviss - Krabo\",\"isPartOf\":{\"@id\":\"https:\/\/krabo.len.ee\/#website\"},\"datePublished\":\"2024-02-08T21:48:33+00:00\",\"dateModified\":\"2024-07-08T21:05:04+00:00\",\"breadcrumb\":{\"@id\":\"https:\/\/krabo.len.ee\/lv\/serviss\/#breadcrumb\"},\"inLanguage\":\"lv-LV\",\"potentialAction\":[{\"@type\":\"ReadAction\",\"target\":[\"https:\/\/krabo.len.ee\/lv\/serviss\/\"]}]},{\"@type\":\"BreadcrumbList\",\"@id\":\"https:\/\/krabo.len.ee\/lv\/serviss\/#breadcrumb\",\"itemListElement\":[{\"@type\":\"ListItem\",\"position\":1,\"name\":\"Home\",\"item\":\"https:\/\/krabo.len.ee\/lv\/\"},{\"@type\":\"ListItem\",\"position\":2,\"name\":\"Serviss\"}]},{\"@type\":\"WebSite\",\"@id\":\"https:\/\/krabo.len.ee\/#website\",\"url\":\"https:\/\/krabo.len.ee\/\",\"name\":\"Krabo\",\"description\":\"Wastewater Processing Devices and Solutions\",\"publisher\":{\"@id\":\"https:\/\/krabo.len.ee\/#organization\"},\"potentialAction\":[{\"@type\":\"SearchAction\",\"target\":{\"@type\":\"EntryPoint\",\"urlTemplate\":\"https:\/\/krabo.len.ee\/?s={search_term_string}\"},\"query-input\":\"required name=search_term_string\"}],\"inLanguage\":\"lv-LV\"},{\"@type\":\"Organization\",\"@id\":\"https:\/\/krabo.len.ee\/#organization\",\"name\":\"Krabo\",\"url\":\"https:\/\/krabo.len.ee\/\",\"logo\":{\"@type\":\"ImageObject\",\"inLanguage\":\"lv-LV\",\"@id\":\"https:\/\/krabo.len.ee\/#\/schema\/logo\/image\/\",\"url\":\"https:\/\/krabo.len.ee\/wp-content\/uploads\/2024\/02\/logo.svg\",\"contentUrl\":\"https:\/\/krabo.len.ee\/wp-content\/uploads\/2024\/02\/logo.svg\",\"width\":145,\"height\":26,\"caption\":\"Krabo\"},\"image\":{\"@id\":\"https:\/\/krabo.len.ee\/#\/schema\/logo\/image\/\"}}]}<\/script>\n<!-- \/ Yoast SEO plugin. -->","yoast_head_json":{"title":"Serviss - Krabo","robots":{"index":"noindex","follow":"follow","max-snippet":"max-snippet:-1","max-image-preview":"max-image-preview:large","max-video-preview":"max-video-preview:-1"},"og_locale":"lv_LV","og_type":"article","og_title":"Serviss - Krabo","og_url":"https:\/\/krabo.len.ee\/lv\/serviss\/","og_site_name":"Krabo","article_modified_time":"2024-07-08T21:05:04+00:00","twitter_card":"summary_large_image","schema":{"@context":"https:\/\/schema.org","@graph":[{"@type":"WebPage","@id":"https:\/\/krabo.len.ee\/lv\/serviss\/","url":"https:\/\/krabo.len.ee\/lv\/serviss\/","name":"Serviss - Krabo","isPartOf":{"@id":"https:\/\/krabo.len.ee\/#website"},"datePublished":"2024-02-08T21:48:33+00:00","dateModified":"2024-07-08T21:05:04+00:00","breadcrumb":{"@id":"https:\/\/krabo.len.ee\/lv\/serviss\/#breadcrumb"},"inLanguage":"lv-LV","potentialAction":[{"@type":"ReadAction","target":["https:\/\/krabo.len.ee\/lv\/serviss\/"]}]},{"@type":"BreadcrumbList","@id":"https:\/\/krabo.len.ee\/lv\/serviss\/#breadcrumb","itemListElement":[{"@type":"ListItem","position":1,"name":"Home","item":"https:\/\/krabo.len.ee\/lv\/"},{"@type":"ListItem","position":2,"name":"Serviss"}]},{"@type":"WebSite","@id":"https:\/\/krabo.len.ee\/#website","url":"https:\/\/krabo.len.ee\/","name":"Krabo","description":"Wastewater Processing Devices and Solutions","publisher":{"@id":"https:\/\/krabo.len.ee\/#organization"},"potentialAction":[{"@type":"SearchAction","target":{"@type":"EntryPoint","urlTemplate":"https:\/\/krabo.len.ee\/?s={search_term_string}"},"query-input":"required name=search_term_string"}],"inLanguage":"lv-LV"},{"@type":"Organization","@id":"https:\/\/krabo.len.ee\/#organization","name":"Krabo","url":"https:\/\/krabo.len.ee\/","logo":{"@type":"ImageObject","inLanguage":"lv-LV","@id":"https:\/\/krabo.len.ee\/#\/schema\/logo\/image\/","url":"https:\/\/krabo.len.ee\/wp-content\/uploads\/2024\/02\/logo.svg","contentUrl":"https:\/\/krabo.len.ee\/wp-content\/uploads\/2024\/02\/logo.svg","width":145,"height":26,"caption":"Krabo"},"image":{"@id":"https:\/\/krabo.len.ee\/#\/schema\/logo\/image\/"}}]}},"_links":{"self":[{"href":"https:\/\/krabo.len.ee\/lv\/wp-json\/wp\/v2\/pages\/813","targetHints":{"allow":["GET"]}}],"collection":[{"href":"https:\/\/krabo.len.ee\/lv\/wp-json\/wp\/v2\/pages"}],"about":[{"href":"https:\/\/krabo.len.ee\/lv\/wp-json\/wp\/v2\/types\/page"}],"author":[{"embeddable":true,"href":"https:\/\/krabo.len.ee\/lv\/wp-json\/wp\/v2\/users\/2"}],"replies":[{"embeddable":true,"href":"https:\/\/krabo.len.ee\/lv\/wp-json\/wp\/v2\/comments?post=813"}],"version-history":[{"count":8,"href":"https:\/\/krabo.len.ee\/lv\/wp-json\/wp\/v2\/pages\/813\/revisions"}],"predecessor-version":[{"id":1473,"href":"https:\/\/krabo.len.ee\/lv\/wp-json\/wp\/v2\/pages\/813\/revisions\/1473"}],"wp:attachment":[{"href":"https:\/\/krabo.len.ee\/lv\/wp-json\/wp\/v2\/media?parent=813"}],"curies":[{"name":"wp","href":"https:\/\/api.w.org\/{rel}","templated":true}]}}