{"id":812,"date":"2024-03-06T08:37:40","date_gmt":"2024-03-06T08:37:40","guid":{"rendered":"https:\/\/krabo.len.ee\/references\/"},"modified":"2024-03-20T20:20:59","modified_gmt":"2024-03-20T20:20:59","slug":"realizetie-projekti","status":"publish","type":"page","link":"https:\/\/krabo.len.ee\/lv\/realizetie-projekti\/","title":{"rendered":"Realiz\u0113tie projekti"},"content":{"rendered":"\r\n<div class=\"pt-50 pb-40 pt-md-40 pb-md-40 pt-sm-40 pb-sm-40 color-white bg-color-gradient bg-gradient page-title\">\r\n    <div class=\"container\">\r\n        <h1 class=\"page-title__title\"><svg data-name=\"drop\" xmlns=\"http:\/\/www.w3.org\/2000\/svg\"\r\n                viewBox=\"0 0 21.13 29.6\">\r\n                <g>\r\n                    <path\r\n                        d=\"m10.57,1.8l7.93,11.87c1.07,1.59,1.64,3.44,1.64,5.36,0,5.28-4.29,9.57-9.57,9.57S1,24.31,1,19.03c0-1.93.57-3.78,1.66-5.38L10.57,1.8m0-1.8L1.83,13.09c-1.15,1.69-1.83,3.74-1.83,5.94,0,5.84,4.73,10.57,10.57,10.57s10.57-4.73,10.57-10.57c0-2.19-.67-4.23-1.81-5.92L10.57,0h0Z\" \/>\r\n                <\/g>\r\n            <\/svg>References<\/h1>\r\n            <\/div>\r\n<\/div>\r\n\r\n\n\n\r\n<div class=\"pt-50 pb-80 pt-md-30 pb-md-30 pt-sm-30 pb-sm-30 block-products references\">\r\n    <div class=\"container\">\r\n        <div class=\"row row-wrap column-sm gap-sm-24\">\r\n                                                                    <div class=\"col-4 col-sm-12 block-products__product\">\r\n                        <div class=\"block-products__product-icon\"><img loading=\"lazy\" decoding=\"async\" width=\"400\" height=\"230\" src=\"https:\/\/krabo.len.ee\/wp-content\/uploads\/2025\/01\/PE-Vaks-2-400x230.jpg\" class=\"attachment-block-news size-block-news wp-post-image\" alt=\"\" srcset=\"https:\/\/krabo.len.ee\/wp-content\/uploads\/2025\/01\/PE-Vaks-2-400x229.jpg 400w, https:\/\/krabo.len.ee\/wp-content\/uploads\/2025\/01\/PE-Vaks-2-1024x585.jpg 1024w, https:\/\/krabo.len.ee\/wp-content\/uploads\/2025\/01\/PE-Vaks-2-768x439.jpg 768w, https:\/\/krabo.len.ee\/wp-content\/uploads\/2025\/01\/PE-Vaks-2-1536x878.jpg 1536w, https:\/\/krabo.len.ee\/wp-content\/uploads\/2025\/01\/PE-Vaks-2-615x355.jpg 615w, https:\/\/krabo.len.ee\/wp-content\/uploads\/2025\/01\/PE-Vaks-2-1260x720.jpg 1260w, https:\/\/krabo.len.ee\/wp-content\/uploads\/2025\/01\/PE-Vaks-2.jpg 2048w\" sizes=\"auto, (max-width: 400px) 100vw, 400px\" \/><\/div>\r\n                        <div class=\"block-products__product-title\">Divda\u013c\u012bgs polietil\u0113na (PE100) v\u0101ks DN2000<\/div>\r\n                        <div class=\"block-products__product-more\">\r\n                            <a href=\"https:\/\/krabo.len.ee\/lv\/projects\/pe-vaks\/\" class=\"btn-simple lightgray\">View more <svg data-name=\"arrow_right\"\r\n                                    xmlns=\"http:\/\/www.w3.org\/2000\/svg\" viewBox=\"0 0 5.49 9.56\">\r\n                                    <g>\r\n                                        <polyline class=\"cls-1\" points=\".35 .35 4.78 4.78 .35 9.21\"><\/polyline>\r\n                                    <\/g>\r\n                                <\/svg><\/a>\r\n                        <\/div>\r\n                        <a href=\"https:\/\/krabo.len.ee\/lv\/projects\/pe-vaks\/\" class=\"hover\" aria-label=\"View more\"><\/a>\r\n                    <\/div>\r\n                                        <div class=\"col-4 col-sm-12 block-products__product\">\r\n                        <div class=\"block-products__product-icon\"><img loading=\"lazy\" decoding=\"async\" width=\"400\" height=\"230\" src=\"https:\/\/krabo.len.ee\/wp-content\/uploads\/2025\/01\/PE-aka-3-400x230.jpg\" class=\"attachment-block-news size-block-news wp-post-image\" alt=\"\" srcset=\"https:\/\/krabo.len.ee\/wp-content\/uploads\/2025\/01\/PE-aka-3-400x229.jpg 400w, https:\/\/krabo.len.ee\/wp-content\/uploads\/2025\/01\/PE-aka-3-1024x585.jpg 1024w, https:\/\/krabo.len.ee\/wp-content\/uploads\/2025\/01\/PE-aka-3-768x439.jpg 768w, https:\/\/krabo.len.ee\/wp-content\/uploads\/2025\/01\/PE-aka-3-1536x878.jpg 1536w, https:\/\/krabo.len.ee\/wp-content\/uploads\/2025\/01\/PE-aka-3-615x355.jpg 615w, https:\/\/krabo.len.ee\/wp-content\/uploads\/2025\/01\/PE-aka-3-1260x720.jpg 1260w, https:\/\/krabo.len.ee\/wp-content\/uploads\/2025\/01\/PE-aka-3.jpg 2048w\" sizes=\"auto, (max-width: 400px) 100vw, 400px\" \/><\/div>\r\n                        <div class=\"block-products__product-title\">Polietil\u0113na (PE100) tehnisk\u0101s akas<\/div>\r\n                        <div class=\"block-products__product-more\">\r\n                            <a href=\"https:\/\/krabo.len.ee\/lv\/projects\/polietilena-pe100-tehniskas-akas\/\" class=\"btn-simple lightgray\">View more <svg data-name=\"arrow_right\"\r\n                                    xmlns=\"http:\/\/www.w3.org\/2000\/svg\" viewBox=\"0 0 5.49 9.56\">\r\n                                    <g>\r\n                                        <polyline class=\"cls-1\" points=\".35 .35 4.78 4.78 .35 9.21\"><\/polyline>\r\n                                    <\/g>\r\n                                <\/svg><\/a>\r\n                        <\/div>\r\n                        <a href=\"https:\/\/krabo.len.ee\/lv\/projects\/polietilena-pe100-tehniskas-akas\/\" class=\"hover\" aria-label=\"View more\"><\/a>\r\n                    <\/div>\r\n                                        <div class=\"col-4 col-sm-12 block-products__product\">\r\n                        <div class=\"block-products__product-icon\"><img loading=\"lazy\" decoding=\"async\" width=\"400\" height=\"230\" src=\"https:\/\/krabo.len.ee\/wp-content\/uploads\/2025\/01\/PE-vanna-1-400x230.jpg\" class=\"attachment-block-news size-block-news wp-post-image\" alt=\"\" srcset=\"https:\/\/krabo.len.ee\/wp-content\/uploads\/2025\/01\/PE-vanna-1-400x230.jpg 400w, https:\/\/krabo.len.ee\/wp-content\/uploads\/2025\/01\/PE-vanna-1-615x355.jpg 615w, https:\/\/krabo.len.ee\/wp-content\/uploads\/2025\/01\/PE-vanna-1-1260x720.jpg 1260w\" sizes=\"auto, (max-width: 400px) 100vw, 400px\" \/><\/div>\r\n                        <div class=\"block-products__product-title\">Polietil\u0113na (PE100) vanna ar kritumu<\/div>\r\n                        <div class=\"block-products__product-more\">\r\n                            <a href=\"https:\/\/krabo.len.ee\/lv\/projects\/pe-vanna\/\" class=\"btn-simple lightgray\">View more <svg data-name=\"arrow_right\"\r\n                                    xmlns=\"http:\/\/www.w3.org\/2000\/svg\" viewBox=\"0 0 5.49 9.56\">\r\n                                    <g>\r\n                                        <polyline class=\"cls-1\" points=\".35 .35 4.78 4.78 .35 9.21\"><\/polyline>\r\n                                    <\/g>\r\n                                <\/svg><\/a>\r\n                        <\/div>\r\n                        <a href=\"https:\/\/krabo.len.ee\/lv\/projects\/pe-vanna\/\" class=\"hover\" aria-label=\"View more\"><\/a>\r\n                    <\/div>\r\n                                        <div class=\"col-4 col-sm-12 block-products__product\">\r\n                        <div class=\"block-products__product-icon\"><img loading=\"lazy\" decoding=\"async\" width=\"400\" height=\"230\" src=\"https:\/\/krabo.len.ee\/wp-content\/uploads\/2025\/01\/PE-tvertne-1-1-400x230.jpg\" class=\"attachment-block-news size-block-news wp-post-image\" alt=\"\" srcset=\"https:\/\/krabo.len.ee\/wp-content\/uploads\/2025\/01\/PE-tvertne-1-1-400x229.jpg 400w, https:\/\/krabo.len.ee\/wp-content\/uploads\/2025\/01\/PE-tvertne-1-1-768x439.jpg 768w, https:\/\/krabo.len.ee\/wp-content\/uploads\/2025\/01\/PE-tvertne-1-1-1024x585.jpg 1024w, https:\/\/krabo.len.ee\/wp-content\/uploads\/2025\/01\/PE-tvertne-1-1-1536x878.jpg 1536w, https:\/\/krabo.len.ee\/wp-content\/uploads\/2025\/01\/PE-tvertne-1-1-615x355.jpg 615w, https:\/\/krabo.len.ee\/wp-content\/uploads\/2025\/01\/PE-tvertne-1-1-1260x720.jpg 1260w, https:\/\/krabo.len.ee\/wp-content\/uploads\/2025\/01\/PE-tvertne-1-1.jpg 2048w\" sizes=\"auto, (max-width: 400px) 100vw, 400px\" \/><\/div>\r\n                        <div class=\"block-products__product-title\">Polietil\u0113na (PE100) tvertne 1.5mx3.0mx1.0m<\/div>\r\n                        <div class=\"block-products__product-more\">\r\n                            <a href=\"https:\/\/krabo.len.ee\/lv\/projects\/pe-tvertne-1000x2000x1000\/\" class=\"btn-simple lightgray\">View more <svg data-name=\"arrow_right\"\r\n                                    xmlns=\"http:\/\/www.w3.org\/2000\/svg\" viewBox=\"0 0 5.49 9.56\">\r\n                                    <g>\r\n                                        <polyline class=\"cls-1\" points=\".35 .35 4.78 4.78 .35 9.21\"><\/polyline>\r\n                                    <\/g>\r\n                                <\/svg><\/a>\r\n                        <\/div>\r\n                        <a href=\"https:\/\/krabo.len.ee\/lv\/projects\/pe-tvertne-1000x2000x1000\/\" class=\"hover\" aria-label=\"View more\"><\/a>\r\n                    <\/div>\r\n                                        <div class=\"col-4 col-sm-12 block-products__product\">\r\n                        <div class=\"block-products__product-icon\"><img loading=\"lazy\" decoding=\"async\" width=\"400\" height=\"230\" src=\"https:\/\/krabo.len.ee\/wp-content\/uploads\/2024\/07\/PE-parklajums-3-400x230.jpg\" class=\"attachment-block-news size-block-news wp-post-image\" alt=\"\" srcset=\"https:\/\/krabo.len.ee\/wp-content\/uploads\/2024\/07\/PE-parklajums-3-400x229.jpg 400w, https:\/\/krabo.len.ee\/wp-content\/uploads\/2024\/07\/PE-parklajums-3-1024x585.jpg 1024w, https:\/\/krabo.len.ee\/wp-content\/uploads\/2024\/07\/PE-parklajums-3-768x439.jpg 768w, https:\/\/krabo.len.ee\/wp-content\/uploads\/2024\/07\/PE-parklajums-3-1536x878.jpg 1536w, https:\/\/krabo.len.ee\/wp-content\/uploads\/2024\/07\/PE-parklajums-3-615x355.jpg 615w, https:\/\/krabo.len.ee\/wp-content\/uploads\/2024\/07\/PE-parklajums-3-1260x720.jpg 1260w, https:\/\/krabo.len.ee\/wp-content\/uploads\/2024\/07\/PE-parklajums-3.jpg 2048w\" sizes=\"auto, (max-width: 400px) 100vw, 400px\" \/><\/div>\r\n                        <div class=\"block-products__product-title\">Betona aku PE (PE100) oder\u0113\u0161ana, RTU objekts<\/div>\r\n                        <div class=\"block-products__product-more\">\r\n                            <a href=\"https:\/\/krabo.len.ee\/lv\/projects\/betona-akas-pe-parklajums-rtu-riga\/\" class=\"btn-simple lightgray\">View more <svg data-name=\"arrow_right\"\r\n                                    xmlns=\"http:\/\/www.w3.org\/2000\/svg\" viewBox=\"0 0 5.49 9.56\">\r\n                                    <g>\r\n                                        <polyline class=\"cls-1\" points=\".35 .35 4.78 4.78 .35 9.21\"><\/polyline>\r\n                                    <\/g>\r\n                                <\/svg><\/a>\r\n                        <\/div>\r\n                        <a href=\"https:\/\/krabo.len.ee\/lv\/projects\/betona-akas-pe-parklajums-rtu-riga\/\" class=\"hover\" aria-label=\"View more\"><\/a>\r\n                    <\/div>\r\n                                        <div class=\"col-4 col-sm-12 block-products__product\">\r\n                        <div class=\"block-products__product-icon\"><img loading=\"lazy\" decoding=\"async\" width=\"400\" height=\"230\" src=\"https:\/\/krabo.len.ee\/wp-content\/uploads\/2024\/07\/20190613_114258-400x230.jpg\" class=\"attachment-block-news size-block-news wp-post-image\" alt=\"\" srcset=\"https:\/\/krabo.len.ee\/wp-content\/uploads\/2024\/07\/20190613_114258-400x230.jpg 400w, https:\/\/krabo.len.ee\/wp-content\/uploads\/2024\/07\/20190613_114258-615x355.jpg 615w, https:\/\/krabo.len.ee\/wp-content\/uploads\/2024\/07\/20190613_114258-1260x720.jpg 1260w\" sizes=\"auto, (max-width: 400px) 100vw, 400px\" \/><\/div>\r\n                        <div class=\"block-products__product-title\">Notek\u016bde\u0146u att\u012br\u012b\u0161anas iek\u0101rta 110m3\/dien\u0101, rekonstrukcija<\/div>\r\n                        <div class=\"block-products__product-more\">\r\n                            <a href=\"https:\/\/krabo.len.ee\/lv\/projects\/notekudenu-attirisanas-iekarta-200-m3-diena-rekonstrukcija\/\" class=\"btn-simple lightgray\">View more <svg data-name=\"arrow_right\"\r\n                                    xmlns=\"http:\/\/www.w3.org\/2000\/svg\" viewBox=\"0 0 5.49 9.56\">\r\n                                    <g>\r\n                                        <polyline class=\"cls-1\" points=\".35 .35 4.78 4.78 .35 9.21\"><\/polyline>\r\n                                    <\/g>\r\n                                <\/svg><\/a>\r\n                        <\/div>\r\n                        <a href=\"https:\/\/krabo.len.ee\/lv\/projects\/notekudenu-attirisanas-iekarta-200-m3-diena-rekonstrukcija\/\" class=\"hover\" aria-label=\"View more\"><\/a>\r\n                    <\/div>\r\n                                                                \r\n        <\/div>\r\n    <\/div>\r\n<\/div>\r\n\r\n\n\n\r\n<div class=\"pt-60 pb-170 pt-md-20 pb-md-80 pt-sm-20 pb-sm-80 block-contact\">\r\n    <div class=\"container\">\r\n        <div class=\"row\">\r\n                        <div class=\"section-title\">\r\n                <h3 class=\"section-title__title\"><svg data-name=\"drop\" xmlns=\"http:\/\/www.w3.org\/2000\/svg\"\r\n                        viewBox=\"0 0 21.13 29.6\">\r\n                        <g>\r\n                            <path\r\n                                d=\"m10.57,1.8l7.93,11.87c1.07,1.59,1.64,3.44,1.64,5.36,0,5.28-4.29,9.57-9.57,9.57S1,24.31,1,19.03c0-1.93.57-3.78,1.66-5.38L10.57,1.8m0-1.8L1.83,13.09c-1.15,1.69-1.83,3.74-1.83,5.94,0,5.84,4.73,10.57,10.57,10.57s10.57-4.73,10.57-10.57c0-2.19-.67-4.23-1.81-5.92L10.57,0h0Z\" \/>\r\n                        <\/g>\r\n                    <\/svg> K\u0101 varam Jums pal\u012bdz\u0113t?<\/h3>\r\n            <\/div>\r\n                    <\/div>\r\n        <div class=\"row\">\r\n                        <div class=\"block-contact__info\"><p>M\u016bsu draudz\u012bg\u0101 un zino\u0161\u0101 komanda ir \u0161eit, lai jums pal\u012bdz\u0113tu!<br \/>\nSazinieties ar mums, zvanot, rakstot e-pastu vai izmantojot kontaktformu.<\/p>\n<\/div>\r\n                    <\/div>\r\n        <div class=\"row column-sm\">\r\n                        <div class=\"col-6  col-sm-12 block-contact__item\">\r\n                <div class=\"block-contact__item-icon\">\r\n                    <img loading=\"lazy\" decoding=\"async\" width=\"65\" height=\"66\" src=\"https:\/\/krabo.len.ee\/wp-content\/themes\/krabo\/img\/icon-phone.svg\" alt=\"\">\r\n                <\/div>\r\n                <a href=\"tel:+37167298880\" class=\"block-contact__item-value\">+371 67298880<\/a>\r\n            <\/div>\r\n                                    <div class=\"col-6  col-sm-12 block-contact__item\">\r\n                <div class=\"block-contact__item-icon\">\r\n                    <img loading=\"lazy\" decoding=\"async\" width=\"65\" height=\"48\" src=\"https:\/\/krabo.len.ee\/wp-content\/themes\/krabo\/img\/icon-email.svg\" alt=\"\">\r\n                <\/div>\r\n                <a href=\"mailto:info@krabo.eu\" class=\"block-contact__item-value\">info@krabo.eu<\/a>\r\n            <\/div>\r\n                    <\/div>\r\n                <div class=\"row\">\r\n            <a href=\"https:\/\/krabo.len.ee\/lv\/kontakti\/\" class=\"btn-accent\">Kontakti<\/a>\r\n        <\/div>\r\n            <\/div>\r\n<\/div>\r\n\r\n","protected":false},"excerpt":{"rendered":"","protected":false},"author":2,"featured_media":0,"parent":0,"menu_order":0,"comment_status":"closed","ping_status":"closed","template":"","meta":{"_acf_changed":false,"footnotes":""},"class_list":["post-812","page","type-page","status-publish","hentry"],"acf":[],"yoast_head":"<!-- This site is optimized with the Yoast SEO plugin v22.2 - https:\/\/yoast.com\/wordpress\/plugins\/seo\/ -->\n<title>Realiz\u0113tie projekti - Krabo<\/title>\n<meta name=\"robots\" content=\"noindex, follow, max-snippet:-1, max-image-preview:large, max-video-preview:-1\" \/>\n<meta property=\"og:locale\" content=\"lv_LV\" \/>\n<meta property=\"og:type\" content=\"article\" \/>\n<meta property=\"og:title\" content=\"Realiz\u0113tie projekti - Krabo\" \/>\n<meta property=\"og:url\" content=\"https:\/\/krabo.len.ee\/lv\/realizetie-projekti\/\" \/>\n<meta property=\"og:site_name\" content=\"Krabo\" \/>\n<meta property=\"article:modified_time\" content=\"2024-03-20T20:20:59+00:00\" \/>\n<meta name=\"twitter:card\" content=\"summary_large_image\" \/>\n<script type=\"application\/ld+json\" class=\"yoast-schema-graph\">{\"@context\":\"https:\/\/schema.org\",\"@graph\":[{\"@type\":\"WebPage\",\"@id\":\"https:\/\/krabo.len.ee\/lv\/realizetie-projekti\/\",\"url\":\"https:\/\/krabo.len.ee\/lv\/realizetie-projekti\/\",\"name\":\"Realiz\u0113tie projekti - Krabo\",\"isPartOf\":{\"@id\":\"https:\/\/krabo.len.ee\/#website\"},\"datePublished\":\"2024-03-06T08:37:40+00:00\",\"dateModified\":\"2024-03-20T20:20:59+00:00\",\"breadcrumb\":{\"@id\":\"https:\/\/krabo.len.ee\/lv\/realizetie-projekti\/#breadcrumb\"},\"inLanguage\":\"lv-LV\",\"potentialAction\":[{\"@type\":\"ReadAction\",\"target\":[\"https:\/\/krabo.len.ee\/lv\/realizetie-projekti\/\"]}]},{\"@type\":\"BreadcrumbList\",\"@id\":\"https:\/\/krabo.len.ee\/lv\/realizetie-projekti\/#breadcrumb\",\"itemListElement\":[{\"@type\":\"ListItem\",\"position\":1,\"name\":\"Home\",\"item\":\"https:\/\/krabo.len.ee\/lv\/\"},{\"@type\":\"ListItem\",\"position\":2,\"name\":\"Realiz\u0113tie projekti\"}]},{\"@type\":\"WebSite\",\"@id\":\"https:\/\/krabo.len.ee\/#website\",\"url\":\"https:\/\/krabo.len.ee\/\",\"name\":\"Krabo\",\"description\":\"Wastewater Processing Devices and Solutions\",\"publisher\":{\"@id\":\"https:\/\/krabo.len.ee\/#organization\"},\"potentialAction\":[{\"@type\":\"SearchAction\",\"target\":{\"@type\":\"EntryPoint\",\"urlTemplate\":\"https:\/\/krabo.len.ee\/?s={search_term_string}\"},\"query-input\":\"required name=search_term_string\"}],\"inLanguage\":\"lv-LV\"},{\"@type\":\"Organization\",\"@id\":\"https:\/\/krabo.len.ee\/#organization\",\"name\":\"Krabo\",\"url\":\"https:\/\/krabo.len.ee\/\",\"logo\":{\"@type\":\"ImageObject\",\"inLanguage\":\"lv-LV\",\"@id\":\"https:\/\/krabo.len.ee\/#\/schema\/logo\/image\/\",\"url\":\"https:\/\/krabo.len.ee\/wp-content\/uploads\/2024\/02\/logo.svg\",\"contentUrl\":\"https:\/\/krabo.len.ee\/wp-content\/uploads\/2024\/02\/logo.svg\",\"width\":145,\"height\":26,\"caption\":\"Krabo\"},\"image\":{\"@id\":\"https:\/\/krabo.len.ee\/#\/schema\/logo\/image\/\"}}]}<\/script>\n<!-- \/ Yoast SEO plugin. -->","yoast_head_json":{"title":"Realiz\u0113tie projekti - Krabo","robots":{"index":"noindex","follow":"follow","max-snippet":"max-snippet:-1","max-image-preview":"max-image-preview:large","max-video-preview":"max-video-preview:-1"},"og_locale":"lv_LV","og_type":"article","og_title":"Realiz\u0113tie projekti - Krabo","og_url":"https:\/\/krabo.len.ee\/lv\/realizetie-projekti\/","og_site_name":"Krabo","article_modified_time":"2024-03-20T20:20:59+00:00","twitter_card":"summary_large_image","schema":{"@context":"https:\/\/schema.org","@graph":[{"@type":"WebPage","@id":"https:\/\/krabo.len.ee\/lv\/realizetie-projekti\/","url":"https:\/\/krabo.len.ee\/lv\/realizetie-projekti\/","name":"Realiz\u0113tie projekti - Krabo","isPartOf":{"@id":"https:\/\/krabo.len.ee\/#website"},"datePublished":"2024-03-06T08:37:40+00:00","dateModified":"2024-03-20T20:20:59+00:00","breadcrumb":{"@id":"https:\/\/krabo.len.ee\/lv\/realizetie-projekti\/#breadcrumb"},"inLanguage":"lv-LV","potentialAction":[{"@type":"ReadAction","target":["https:\/\/krabo.len.ee\/lv\/realizetie-projekti\/"]}]},{"@type":"BreadcrumbList","@id":"https:\/\/krabo.len.ee\/lv\/realizetie-projekti\/#breadcrumb","itemListElement":[{"@type":"ListItem","position":1,"name":"Home","item":"https:\/\/krabo.len.ee\/lv\/"},{"@type":"ListItem","position":2,"name":"Realiz\u0113tie projekti"}]},{"@type":"WebSite","@id":"https:\/\/krabo.len.ee\/#website","url":"https:\/\/krabo.len.ee\/","name":"Krabo","description":"Wastewater Processing Devices and Solutions","publisher":{"@id":"https:\/\/krabo.len.ee\/#organization"},"potentialAction":[{"@type":"SearchAction","target":{"@type":"EntryPoint","urlTemplate":"https:\/\/krabo.len.ee\/?s={search_term_string}"},"query-input":"required name=search_term_string"}],"inLanguage":"lv-LV"},{"@type":"Organization","@id":"https:\/\/krabo.len.ee\/#organization","name":"Krabo","url":"https:\/\/krabo.len.ee\/","logo":{"@type":"ImageObject","inLanguage":"lv-LV","@id":"https:\/\/krabo.len.ee\/#\/schema\/logo\/image\/","url":"https:\/\/krabo.len.ee\/wp-content\/uploads\/2024\/02\/logo.svg","contentUrl":"https:\/\/krabo.len.ee\/wp-content\/uploads\/2024\/02\/logo.svg","width":145,"height":26,"caption":"Krabo"},"image":{"@id":"https:\/\/krabo.len.ee\/#\/schema\/logo\/image\/"}}]}},"_links":{"self":[{"href":"https:\/\/krabo.len.ee\/lv\/wp-json\/wp\/v2\/pages\/812","targetHints":{"allow":["GET"]}}],"collection":[{"href":"https:\/\/krabo.len.ee\/lv\/wp-json\/wp\/v2\/pages"}],"about":[{"href":"https:\/\/krabo.len.ee\/lv\/wp-json\/wp\/v2\/types\/page"}],"author":[{"embeddable":true,"href":"https:\/\/krabo.len.ee\/lv\/wp-json\/wp\/v2\/users\/2"}],"replies":[{"embeddable":true,"href":"https:\/\/krabo.len.ee\/lv\/wp-json\/wp\/v2\/comments?post=812"}],"version-history":[{"count":1,"href":"https:\/\/krabo.len.ee\/lv\/wp-json\/wp\/v2\/pages\/812\/revisions"}],"predecessor-version":[{"id":892,"href":"https:\/\/krabo.len.ee\/lv\/wp-json\/wp\/v2\/pages\/812\/revisions\/892"}],"wp:attachment":[{"href":"https:\/\/krabo.len.ee\/lv\/wp-json\/wp\/v2\/media?parent=812"}],"curies":[{"name":"wp","href":"https:\/\/api.w.org\/{rel}","templated":true}]}}