{"id":811,"date":"2024-03-05T15:45:41","date_gmt":"2024-03-05T15:45:41","guid":{"rendered":"https:\/\/krabo.len.ee\/products\/"},"modified":"2024-07-28T16:03:43","modified_gmt":"2024-07-28T16:03:43","slug":"produkti","status":"publish","type":"page","link":"https:\/\/krabo.len.ee\/lv\/produkti\/","title":{"rendered":"Produkti"},"content":{"rendered":"\r\n<div class=\"pt-50 pb-40 pt-md-40 pb-md-40 pt-sm-40 pb-sm-40 color-white bg-color-gradient bg-gradient page-title\">\r\n    <div class=\"container\">\r\n        <h1 class=\"page-title__title\"><svg data-name=\"drop\" xmlns=\"http:\/\/www.w3.org\/2000\/svg\"\r\n                viewBox=\"0 0 21.13 29.6\">\r\n                <g>\r\n                    <path\r\n                        d=\"m10.57,1.8l7.93,11.87c1.07,1.59,1.64,3.44,1.64,5.36,0,5.28-4.29,9.57-9.57,9.57S1,24.31,1,19.03c0-1.93.57-3.78,1.66-5.38L10.57,1.8m0-1.8L1.83,13.09c-1.15,1.69-1.83,3.74-1.83,5.94,0,5.84,4.73,10.57,10.57,10.57s10.57-4.73,10.57-10.57c0-2.19-.67-4.23-1.81-5.92L10.57,0h0Z\" \/>\r\n                <\/g>\r\n            <\/svg>Produkti<\/h1>\r\n            <\/div>\r\n<\/div>\r\n\r\n\n\n\r\n\r\n<div class=\"pt-20 pb-80 pt-md-20 pb-md-40 pt-sm-20 pb-sm-40 block-products ttt\">\r\n    <div class=\"container\">\r\n        <div class=\"block-products__filter\">\r\n            <span class=\"block-products__filter-title\">Filtrs:<\/span>\r\n                <select name=\"filter\" id=\"products_categories_filter\">\r\n                    <option value=\"https:\/\/krabo.len.ee\/lv\/produkti\/\">Visi produkti<\/option>\r\n                    <option  value=\"https:\/\/krabo.len.ee\/lv\/produkti\/?category=private\">Priv\u0101tm\u0101j\u0101m<\/option>\r\n                    <option  value=\"https:\/\/krabo.len.ee\/lv\/produkti\/?category=commercial\">Komercobjektiem<\/option>\r\n                                    <\/select>\r\n        <\/div>\r\n        <div class=\"row row-wrap column-sm gap-sm-24\">\r\n                                                            <div class=\"col-4 col-sm-12 block-products__product\" data-type=\"private\" data-aos=\"fade-up\" >\r\n                                <div class=\"block-products__product-icon\"><img loading=\"lazy\" decoding=\"async\" \r\n                                    width=\"68\" \r\n                                    height=\"85\"\r\n                                    alt=\"\"\r\n                                    src=\"https:\/\/krabo.len.ee\/wp-content\/uploads\/2024\/03\/icon-pumping-stations-1.svg\"><\/div>\r\n                                <div class=\"block-products__product-title\">Pumping stations<\/div>\r\n                                <div class=\"block-products__product-more\">\r\n                                    <a href=\"https:\/\/krabo.len.ee\/products-category\/pumping-stations\/\" class=\"btn-simple lightgray\">Skat\u012bt visus produktus <svg data-name=\"arrow_right\"\r\n                                            xmlns=\"http:\/\/www.w3.org\/2000\/svg\" viewBox=\"0 0 5.49 9.56\">\r\n                                            <g>\r\n                                                <polyline class=\"cls-1\" points=\".35 .35 4.78 4.78 .35 9.21\"><\/polyline>\r\n                                            <\/g>\r\n                                        <\/svg><\/a>\r\n                                <\/div>\r\n                                <a href=\"https:\/\/krabo.len.ee\/products-category\/pumping-stations\/\" class=\"hover\" aria-label=\"Skat\u012bt visus produktus\"><\/a>\r\n                            <\/div>\r\n                                                    <div class=\"col-4 col-sm-12 block-products__product\" data-type=\"private\" data-aos=\"fade-up\" >\r\n                                <div class=\"block-products__product-icon\"><img loading=\"lazy\" decoding=\"async\" \r\n                                    width=\"101\" \r\n                                    height=\"60\"\r\n                                    alt=\"\"\r\n                                    src=\"https:\/\/krabo.len.ee\/wp-content\/uploads\/2024\/03\/icon-wastewater-treatment-1.svg\"><\/div>\r\n                                <div class=\"block-products__product-title\">Wastewater treatment<\/div>\r\n                                <div class=\"block-products__product-more\">\r\n                                    <a href=\"https:\/\/krabo.len.ee\/products-category\/wastewater-treatment\/\" class=\"btn-simple lightgray\">Skat\u012bt visus produktus <svg data-name=\"arrow_right\"\r\n                                            xmlns=\"http:\/\/www.w3.org\/2000\/svg\" viewBox=\"0 0 5.49 9.56\">\r\n                                            <g>\r\n                                                <polyline class=\"cls-1\" points=\".35 .35 4.78 4.78 .35 9.21\"><\/polyline>\r\n                                            <\/g>\r\n                                        <\/svg><\/a>\r\n                                <\/div>\r\n                                <a href=\"https:\/\/krabo.len.ee\/products-category\/wastewater-treatment\/\" class=\"hover\" aria-label=\"Skat\u012bt visus produktus\"><\/a>\r\n                            <\/div>\r\n                                                    <div class=\"col-4 col-sm-12 block-products__product\" data-type=\"commercial\" data-aos=\"fade-up\" >\r\n                                <div class=\"block-products__product-icon\"><img loading=\"lazy\" decoding=\"async\" \r\n                                    width=\"114\" \r\n                                    height=\"61\"\r\n                                    alt=\"\"\r\n                                    src=\"https:\/\/krabo.len.ee\/wp-content\/uploads\/2024\/03\/icon-tanks-1.svg\"><\/div>\r\n                                <div class=\"block-products__product-title\">Tanks<\/div>\r\n                                <div class=\"block-products__product-more\">\r\n                                    <a href=\"https:\/\/krabo.len.ee\/products-category\/tanks\/\" class=\"btn-simple lightgray\">Skat\u012bt visus produktus <svg data-name=\"arrow_right\"\r\n                                            xmlns=\"http:\/\/www.w3.org\/2000\/svg\" viewBox=\"0 0 5.49 9.56\">\r\n                                            <g>\r\n                                                <polyline class=\"cls-1\" points=\".35 .35 4.78 4.78 .35 9.21\"><\/polyline>\r\n                                            <\/g>\r\n                                        <\/svg><\/a>\r\n                                <\/div>\r\n                                <a href=\"https:\/\/krabo.len.ee\/products-category\/tanks\/\" class=\"hover\" aria-label=\"Skat\u012bt visus produktus\"><\/a>\r\n                            <\/div>\r\n                                                    <div class=\"col-4 col-sm-12 block-products__product\" data-type=\"private\" data-aos=\"fade-up\" >\r\n                                <div class=\"block-products__product-icon\"><img loading=\"lazy\" decoding=\"async\" \r\n                                    width=\"101\" \r\n                                    height=\"75\"\r\n                                    alt=\"\"\r\n                                    src=\"https:\/\/krabo.len.ee\/wp-content\/uploads\/2024\/03\/icon-separators.svg\"><\/div>\r\n                                <div class=\"block-products__product-title\">Separators<\/div>\r\n                                <div class=\"block-products__product-more\">\r\n                                    <a href=\"https:\/\/krabo.len.ee\/products-category\/separators\/\" class=\"btn-simple lightgray\">Skat\u012bt visus produktus <svg data-name=\"arrow_right\"\r\n                                            xmlns=\"http:\/\/www.w3.org\/2000\/svg\" viewBox=\"0 0 5.49 9.56\">\r\n                                            <g>\r\n                                                <polyline class=\"cls-1\" points=\".35 .35 4.78 4.78 .35 9.21\"><\/polyline>\r\n                                            <\/g>\r\n                                        <\/svg><\/a>\r\n                                <\/div>\r\n                                <a href=\"https:\/\/krabo.len.ee\/products-category\/separators\/\" class=\"hover\" aria-label=\"Skat\u012bt visus produktus\"><\/a>\r\n                            <\/div>\r\n                                                    <div class=\"col-4 col-sm-12 block-products__product\" data-type=\"both\" data-aos=\"fade-up\" >\r\n                                <div class=\"block-products__product-icon\"><img loading=\"lazy\" decoding=\"async\" \r\n                                    width=\"99\" \r\n                                    height=\"84\"\r\n                                    alt=\"\"\r\n                                    src=\"https:\/\/krabo.len.ee\/wp-content\/uploads\/2024\/03\/icon-stormwater.svg\"><\/div>\r\n                                <div class=\"block-products__product-title\">Stormwater management<\/div>\r\n                                <div class=\"block-products__product-more\">\r\n                                    <a href=\"https:\/\/krabo.len.ee\/products-category\/stormwater-management\/\" class=\"btn-simple lightgray\">Skat\u012bt visus produktus <svg data-name=\"arrow_right\"\r\n                                            xmlns=\"http:\/\/www.w3.org\/2000\/svg\" viewBox=\"0 0 5.49 9.56\">\r\n                                            <g>\r\n                                                <polyline class=\"cls-1\" points=\".35 .35 4.78 4.78 .35 9.21\"><\/polyline>\r\n                                            <\/g>\r\n                                        <\/svg><\/a>\r\n                                <\/div>\r\n                                <a href=\"https:\/\/krabo.len.ee\/products-category\/stormwater-management\/\" class=\"hover\" aria-label=\"Skat\u012bt visus produktus\"><\/a>\r\n                            <\/div>\r\n                                                    <div class=\"col-4 col-sm-12 block-products__product\" data-type=\"commercial\" data-aos=\"fade-up\" >\r\n                                <div class=\"block-products__product-icon\"><img loading=\"lazy\" decoding=\"async\" \r\n                                    width=\"94\" \r\n                                    height=\"76\"\r\n                                    alt=\"\"\r\n                                    src=\"https:\/\/krabo.len.ee\/wp-content\/uploads\/2024\/03\/icon-individual-solutions.svg\"><\/div>\r\n                                <div class=\"block-products__product-title\">Individual solutions<\/div>\r\n                                <div class=\"block-products__product-more\">\r\n                                    <a href=\"https:\/\/krabo.len.ee\/products-category\/individual-solutions\/\" class=\"btn-simple lightgray\">Skat\u012bt visus produktus <svg data-name=\"arrow_right\"\r\n                                            xmlns=\"http:\/\/www.w3.org\/2000\/svg\" viewBox=\"0 0 5.49 9.56\">\r\n                                            <g>\r\n                                                <polyline class=\"cls-1\" points=\".35 .35 4.78 4.78 .35 9.21\"><\/polyline>\r\n                                            <\/g>\r\n                                        <\/svg><\/a>\r\n                                <\/div>\r\n                                <a href=\"https:\/\/krabo.len.ee\/products-category\/individual-solutions\/\" class=\"hover\" aria-label=\"Skat\u012bt visus produktus\"><\/a>\r\n                            <\/div>\r\n                                                    <div class=\"col-4 col-sm-12 block-products__product\" data-type=\"commercial\" data-aos=\"fade-up\" >\r\n                                <div class=\"block-products__product-icon\"><img loading=\"lazy\" decoding=\"async\" \r\n                                    width=\"89\" \r\n                                    height=\"83\"\r\n                                    alt=\"\"\r\n                                    src=\"https:\/\/krabo.len.ee\/wp-content\/uploads\/2024\/03\/icon-meter-wells.svg\"><\/div>\r\n                                <div class=\"block-products__product-title\">Meter wells<\/div>\r\n                                <div class=\"block-products__product-more\">\r\n                                    <a href=\"https:\/\/krabo.len.ee\/products-category\/meter-wells\/\" class=\"btn-simple lightgray\">Skat\u012bt visus produktus <svg data-name=\"arrow_right\"\r\n                                            xmlns=\"http:\/\/www.w3.org\/2000\/svg\" viewBox=\"0 0 5.49 9.56\">\r\n                                            <g>\r\n                                                <polyline class=\"cls-1\" points=\".35 .35 4.78 4.78 .35 9.21\"><\/polyline>\r\n                                            <\/g>\r\n                                        <\/svg><\/a>\r\n                                <\/div>\r\n                                <a href=\"https:\/\/krabo.len.ee\/products-category\/meter-wells\/\" class=\"hover\" aria-label=\"Skat\u012bt visus produktus\"><\/a>\r\n                            <\/div>\r\n                                                    <div class=\"col-4 col-sm-12 block-products__product\" data-type=\"private\" data-aos=\"fade-up\" >\r\n                                <div class=\"block-products__product-icon\"><img loading=\"lazy\" decoding=\"async\" \r\n                                    width=\"110\" \r\n                                    height=\"86\"\r\n                                    alt=\"\"\r\n                                    src=\"https:\/\/krabo.len.ee\/wp-content\/uploads\/2024\/03\/icon-accessories.svg\"><\/div>\r\n                                <div class=\"block-products__product-title\">Accessories<\/div>\r\n                                <div class=\"block-products__product-more\">\r\n                                    <a href=\"https:\/\/krabo.len.ee\/products-category\/accessories\/\" class=\"btn-simple lightgray\">Skat\u012bt visus produktus <svg data-name=\"arrow_right\"\r\n                                            xmlns=\"http:\/\/www.w3.org\/2000\/svg\" viewBox=\"0 0 5.49 9.56\">\r\n                                            <g>\r\n                                                <polyline class=\"cls-1\" points=\".35 .35 4.78 4.78 .35 9.21\"><\/polyline>\r\n                                            <\/g>\r\n                                        <\/svg><\/a>\r\n                                <\/div>\r\n                                <a href=\"https:\/\/krabo.len.ee\/products-category\/accessories\/\" class=\"hover\" aria-label=\"Skat\u012bt visus produktus\"><\/a>\r\n                            <\/div>\r\n                                        \r\n        <\/div>\r\n    <\/div>\r\n<\/div>\r\n\r\n\n\n\r\n<div class=\"pt-60 pb-170 pt-md-20 pb-md-80 pt-sm-20 pb-sm-80 block-contact\">\r\n    <div class=\"container\">\r\n        <div class=\"row\">\r\n                        <div class=\"section-title\">\r\n                <h3 class=\"section-title__title\"><svg data-name=\"drop\" xmlns=\"http:\/\/www.w3.org\/2000\/svg\"\r\n                        viewBox=\"0 0 21.13 29.6\">\r\n                        <g>\r\n                            <path\r\n                                d=\"m10.57,1.8l7.93,11.87c1.07,1.59,1.64,3.44,1.64,5.36,0,5.28-4.29,9.57-9.57,9.57S1,24.31,1,19.03c0-1.93.57-3.78,1.66-5.38L10.57,1.8m0-1.8L1.83,13.09c-1.15,1.69-1.83,3.74-1.83,5.94,0,5.84,4.73,10.57,10.57,10.57s10.57-4.73,10.57-10.57c0-2.19-.67-4.23-1.81-5.92L10.57,0h0Z\" \/>\r\n                        <\/g>\r\n                    <\/svg> K\u0101 varam Jums pal\u012bdz\u0113t?<\/h3>\r\n            <\/div>\r\n                    <\/div>\r\n        <div class=\"row\">\r\n                        <div class=\"block-contact__info\"><p>M\u016bsu draudz\u012bg\u0101 un zino\u0161\u0101 komanda ir \u0161eit, lai jums pal\u012bdz\u0113tu!<br \/>\nSazinieties ar mums, zvanot, rakstot e-pastu vai izmantojot kontaktformu.<\/p>\n<\/div>\r\n                    <\/div>\r\n        <div class=\"row column-sm\">\r\n                        <div class=\"col-6  col-sm-12 block-contact__item\">\r\n                <div class=\"block-contact__item-icon\">\r\n                    <img loading=\"lazy\" decoding=\"async\" width=\"65\" height=\"66\" src=\"https:\/\/krabo.len.ee\/wp-content\/themes\/krabo\/img\/icon-phone.svg\" alt=\"\">\r\n                <\/div>\r\n                <a href=\"tel:+37167298880\" class=\"block-contact__item-value\">+371 67298880<\/a>\r\n            <\/div>\r\n                                    <div class=\"col-6  col-sm-12 block-contact__item\">\r\n                <div class=\"block-contact__item-icon\">\r\n                    <img loading=\"lazy\" decoding=\"async\" width=\"65\" height=\"48\" src=\"https:\/\/krabo.len.ee\/wp-content\/themes\/krabo\/img\/icon-email.svg\" alt=\"\">\r\n                <\/div>\r\n                <a href=\"mailto:info@krabo.eu\" class=\"block-contact__item-value\">info@krabo.eu<\/a>\r\n            <\/div>\r\n                    <\/div>\r\n                <div class=\"row\">\r\n            <a href=\"https:\/\/krabo.len.ee\/lv\/kontakti\/\" class=\"btn-accent\">Kontakti<\/a>\r\n        <\/div>\r\n            <\/div>\r\n<\/div>\r\n\r\n","protected":false},"excerpt":{"rendered":"","protected":false},"author":2,"featured_media":0,"parent":0,"menu_order":0,"comment_status":"closed","ping_status":"closed","template":"","meta":{"_acf_changed":false,"footnotes":""},"class_list":["post-811","page","type-page","status-publish","hentry"],"acf":[],"yoast_head":"<!-- This site is optimized with the Yoast SEO plugin v22.2 - https:\/\/yoast.com\/wordpress\/plugins\/seo\/ -->\n<title>Produkti - Krabo<\/title>\n<meta name=\"description\" content=\"Individu\u0101li piel\u0101goti \u016bdenssaimniec\u012bbas risin\u0101jumi. Pla\u0161s att\u012br\u012b\u0161anas iek\u0101rtu un piederumu kl\u0101sts. Konsult\u0101cijas un serviss. Sazinieties ar mums!\" \/>\n<meta name=\"robots\" content=\"noindex, follow, max-snippet:-1, max-image-preview:large, max-video-preview:-1\" \/>\n<meta property=\"og:locale\" content=\"lv_LV\" \/>\n<meta property=\"og:type\" content=\"article\" \/>\n<meta property=\"og:title\" content=\"Produkti - Krabo\" \/>\n<meta property=\"og:description\" content=\"Individu\u0101li piel\u0101goti \u016bdenssaimniec\u012bbas risin\u0101jumi. Pla\u0161s att\u012br\u012b\u0161anas iek\u0101rtu un piederumu kl\u0101sts. Konsult\u0101cijas un serviss. Sazinieties ar mums!\" \/>\n<meta property=\"og:url\" content=\"https:\/\/krabo.len.ee\/lv\/produkti\/\" \/>\n<meta property=\"og:site_name\" content=\"Krabo\" \/>\n<meta property=\"article:modified_time\" content=\"2024-07-28T16:03:43+00:00\" \/>\n<meta name=\"twitter:card\" content=\"summary_large_image\" \/>\n<script type=\"application\/ld+json\" class=\"yoast-schema-graph\">{\"@context\":\"https:\/\/schema.org\",\"@graph\":[{\"@type\":\"WebPage\",\"@id\":\"https:\/\/krabo.len.ee\/lv\/produkti\/\",\"url\":\"https:\/\/krabo.len.ee\/lv\/produkti\/\",\"name\":\"Produkti - Krabo\",\"isPartOf\":{\"@id\":\"https:\/\/krabo.len.ee\/#website\"},\"datePublished\":\"2024-03-05T15:45:41+00:00\",\"dateModified\":\"2024-07-28T16:03:43+00:00\",\"description\":\"Individu\u0101li piel\u0101goti \u016bdenssaimniec\u012bbas risin\u0101jumi. Pla\u0161s att\u012br\u012b\u0161anas iek\u0101rtu un piederumu kl\u0101sts. Konsult\u0101cijas un serviss. Sazinieties ar mums!\",\"breadcrumb\":{\"@id\":\"https:\/\/krabo.len.ee\/lv\/produkti\/#breadcrumb\"},\"inLanguage\":\"lv-LV\",\"potentialAction\":[{\"@type\":\"ReadAction\",\"target\":[\"https:\/\/krabo.len.ee\/lv\/produkti\/\"]}]},{\"@type\":\"BreadcrumbList\",\"@id\":\"https:\/\/krabo.len.ee\/lv\/produkti\/#breadcrumb\",\"itemListElement\":[{\"@type\":\"ListItem\",\"position\":1,\"name\":\"Home\",\"item\":\"https:\/\/krabo.len.ee\/lv\/\"},{\"@type\":\"ListItem\",\"position\":2,\"name\":\"Produkti\"}]},{\"@type\":\"WebSite\",\"@id\":\"https:\/\/krabo.len.ee\/#website\",\"url\":\"https:\/\/krabo.len.ee\/\",\"name\":\"Krabo\",\"description\":\"Wastewater Processing Devices and Solutions\",\"publisher\":{\"@id\":\"https:\/\/krabo.len.ee\/#organization\"},\"potentialAction\":[{\"@type\":\"SearchAction\",\"target\":{\"@type\":\"EntryPoint\",\"urlTemplate\":\"https:\/\/krabo.len.ee\/?s={search_term_string}\"},\"query-input\":\"required name=search_term_string\"}],\"inLanguage\":\"lv-LV\"},{\"@type\":\"Organization\",\"@id\":\"https:\/\/krabo.len.ee\/#organization\",\"name\":\"Krabo\",\"url\":\"https:\/\/krabo.len.ee\/\",\"logo\":{\"@type\":\"ImageObject\",\"inLanguage\":\"lv-LV\",\"@id\":\"https:\/\/krabo.len.ee\/#\/schema\/logo\/image\/\",\"url\":\"https:\/\/krabo.len.ee\/wp-content\/uploads\/2024\/02\/logo.svg\",\"contentUrl\":\"https:\/\/krabo.len.ee\/wp-content\/uploads\/2024\/02\/logo.svg\",\"width\":145,\"height\":26,\"caption\":\"Krabo\"},\"image\":{\"@id\":\"https:\/\/krabo.len.ee\/#\/schema\/logo\/image\/\"}}]}<\/script>\n<!-- \/ Yoast SEO plugin. -->","yoast_head_json":{"title":"Produkti - Krabo","description":"Individu\u0101li piel\u0101goti \u016bdenssaimniec\u012bbas risin\u0101jumi. Pla\u0161s att\u012br\u012b\u0161anas iek\u0101rtu un piederumu kl\u0101sts. Konsult\u0101cijas un serviss. Sazinieties ar mums!","robots":{"index":"noindex","follow":"follow","max-snippet":"max-snippet:-1","max-image-preview":"max-image-preview:large","max-video-preview":"max-video-preview:-1"},"og_locale":"lv_LV","og_type":"article","og_title":"Produkti - Krabo","og_description":"Individu\u0101li piel\u0101goti \u016bdenssaimniec\u012bbas risin\u0101jumi. Pla\u0161s att\u012br\u012b\u0161anas iek\u0101rtu un piederumu kl\u0101sts. Konsult\u0101cijas un serviss. Sazinieties ar mums!","og_url":"https:\/\/krabo.len.ee\/lv\/produkti\/","og_site_name":"Krabo","article_modified_time":"2024-07-28T16:03:43+00:00","twitter_card":"summary_large_image","schema":{"@context":"https:\/\/schema.org","@graph":[{"@type":"WebPage","@id":"https:\/\/krabo.len.ee\/lv\/produkti\/","url":"https:\/\/krabo.len.ee\/lv\/produkti\/","name":"Produkti - Krabo","isPartOf":{"@id":"https:\/\/krabo.len.ee\/#website"},"datePublished":"2024-03-05T15:45:41+00:00","dateModified":"2024-07-28T16:03:43+00:00","description":"Individu\u0101li piel\u0101goti \u016bdenssaimniec\u012bbas risin\u0101jumi. Pla\u0161s att\u012br\u012b\u0161anas iek\u0101rtu un piederumu kl\u0101sts. Konsult\u0101cijas un serviss. Sazinieties ar mums!","breadcrumb":{"@id":"https:\/\/krabo.len.ee\/lv\/produkti\/#breadcrumb"},"inLanguage":"lv-LV","potentialAction":[{"@type":"ReadAction","target":["https:\/\/krabo.len.ee\/lv\/produkti\/"]}]},{"@type":"BreadcrumbList","@id":"https:\/\/krabo.len.ee\/lv\/produkti\/#breadcrumb","itemListElement":[{"@type":"ListItem","position":1,"name":"Home","item":"https:\/\/krabo.len.ee\/lv\/"},{"@type":"ListItem","position":2,"name":"Produkti"}]},{"@type":"WebSite","@id":"https:\/\/krabo.len.ee\/#website","url":"https:\/\/krabo.len.ee\/","name":"Krabo","description":"Wastewater Processing Devices and Solutions","publisher":{"@id":"https:\/\/krabo.len.ee\/#organization"},"potentialAction":[{"@type":"SearchAction","target":{"@type":"EntryPoint","urlTemplate":"https:\/\/krabo.len.ee\/?s={search_term_string}"},"query-input":"required name=search_term_string"}],"inLanguage":"lv-LV"},{"@type":"Organization","@id":"https:\/\/krabo.len.ee\/#organization","name":"Krabo","url":"https:\/\/krabo.len.ee\/","logo":{"@type":"ImageObject","inLanguage":"lv-LV","@id":"https:\/\/krabo.len.ee\/#\/schema\/logo\/image\/","url":"https:\/\/krabo.len.ee\/wp-content\/uploads\/2024\/02\/logo.svg","contentUrl":"https:\/\/krabo.len.ee\/wp-content\/uploads\/2024\/02\/logo.svg","width":145,"height":26,"caption":"Krabo"},"image":{"@id":"https:\/\/krabo.len.ee\/#\/schema\/logo\/image\/"}}]}},"_links":{"self":[{"href":"https:\/\/krabo.len.ee\/lv\/wp-json\/wp\/v2\/pages\/811","targetHints":{"allow":["GET"]}}],"collection":[{"href":"https:\/\/krabo.len.ee\/lv\/wp-json\/wp\/v2\/pages"}],"about":[{"href":"https:\/\/krabo.len.ee\/lv\/wp-json\/wp\/v2\/types\/page"}],"author":[{"embeddable":true,"href":"https:\/\/krabo.len.ee\/lv\/wp-json\/wp\/v2\/users\/2"}],"replies":[{"embeddable":true,"href":"https:\/\/krabo.len.ee\/lv\/wp-json\/wp\/v2\/comments?post=811"}],"version-history":[{"count":3,"href":"https:\/\/krabo.len.ee\/lv\/wp-json\/wp\/v2\/pages\/811\/revisions"}],"predecessor-version":[{"id":1568,"href":"https:\/\/krabo.len.ee\/lv\/wp-json\/wp\/v2\/pages\/811\/revisions\/1568"}],"wp:attachment":[{"href":"https:\/\/krabo.len.ee\/lv\/wp-json\/wp\/v2\/media?parent=811"}],"curies":[{"name":"wp","href":"https:\/\/api.w.org\/{rel}","templated":true}]}}