{"id":810,"date":"2024-02-08T21:52:17","date_gmt":"2024-02-08T21:52:17","guid":{"rendered":"https:\/\/krabo.len.ee\/news\/"},"modified":"2025-04-14T20:21:15","modified_gmt":"2025-04-14T20:21:15","slug":"jaunumi","status":"publish","type":"page","link":"https:\/\/krabo.len.ee\/lv\/jaunumi\/","title":{"rendered":"Jaunumi"},"content":{"rendered":"\r\n<div class=\"pt-50 pb-40 pt-md-40 pb-md-40 pt-sm-40 pb-sm-40 color-white bg-color-gradient bg-gradient page-title\">\r\n    <div class=\"container\">\r\n        <h1 class=\"page-title__title\"><svg data-name=\"drop\" xmlns=\"http:\/\/www.w3.org\/2000\/svg\"\r\n                viewBox=\"0 0 21.13 29.6\">\r\n                <g>\r\n                    <path\r\n                        d=\"m10.57,1.8l7.93,11.87c1.07,1.59,1.64,3.44,1.64,5.36,0,5.28-4.29,9.57-9.57,9.57S1,24.31,1,19.03c0-1.93.57-3.78,1.66-5.38L10.57,1.8m0-1.8L1.83,13.09c-1.15,1.69-1.83,3.74-1.83,5.94,0,5.84,4.73,10.57,10.57,10.57s10.57-4.73,10.57-10.57c0-2.19-.67-4.23-1.81-5.92L10.57,0h0Z\" \/>\r\n                <\/g>\r\n            <\/svg>Jaunumi<\/h1>\r\n            <\/div>\r\n<\/div>\r\n\r\n\n\n\r\n\r\n<div class=\"pt-60 pb-140 pt-md-20 pb-md-30 pt-sm-20 pb-sm-30 block-news gray\">\r\n        <div class=\"container\">\r\n            <div class=\"row row-wrap column-sm gap-sm-24 news-wrap\">\r\n                                                                                        <div class=\"col-4 col-sm-12 block-news__item\" data-aos=\"fade-up\">\r\n    <a href=\"https:\/\/krabo.len.ee\/lv\/test-graf\/\" class=\"hover\" aria-label=\"Las\u012bt vair\u0101k\"><\/a>\r\n    <div class=\"block-news__item-image\">\r\n        <figure>\r\n                    <\/figure>\r\n    <\/div>\r\n    <div class=\"block-news__item-content\">\r\n        <div class=\"block-news__item-date\">14.03.2026<\/div>\r\n        <div class=\"block-news__item-title\">test graf<\/div>\r\n        <a href=\"https:\/\/krabo.len.ee\/lv\/test-graf\/\" class=\"btn-simple  silver\">Las\u012bt vair\u0101k <svg data-name=\"arrow_right\"\r\n                xmlns=\"http:\/\/www.w3.org\/2000\/svg\" viewBox=\"0 0 5.49 9.56\">\r\n                <g>\r\n                    <polyline points=\".35 .35 4.78 4.78 .35 9.21\"><\/polyline>\r\n                <\/g>\r\n            <\/svg><\/a>\r\n    <\/div>\r\n<\/div>                        \r\n                                                    <div class=\"col-4 col-sm-12 block-news__item\" data-aos=\"fade-up\">\r\n    <a href=\"https:\/\/krabo.len.ee\/lv\/notekudenu-attirisana\/\" class=\"hover\" aria-label=\"Las\u012bt vair\u0101k\"><\/a>\r\n    <div class=\"block-news__item-image\">\r\n        <figure>\r\n                    <\/figure>\r\n    <\/div>\r\n    <div class=\"block-news__item-content\">\r\n        <div class=\"block-news__item-date\">11.03.2026<\/div>\r\n        <div class=\"block-news__item-title\">Notek\u016bde\u0146i un to att\u012br\u012b\u0161ana: ko katram m\u0101jas \u012bpa\u0161niekam vajadz\u0113tu zin\u0101t<\/div>\r\n        <a href=\"https:\/\/krabo.len.ee\/lv\/notekudenu-attirisana\/\" class=\"btn-simple  silver\">Las\u012bt vair\u0101k <svg data-name=\"arrow_right\"\r\n                xmlns=\"http:\/\/www.w3.org\/2000\/svg\" viewBox=\"0 0 5.49 9.56\">\r\n                <g>\r\n                    <polyline points=\".35 .35 4.78 4.78 .35 9.21\"><\/polyline>\r\n                <\/g>\r\n            <\/svg><\/a>\r\n    <\/div>\r\n<\/div>                        \r\n                                                    <div class=\"col-4 col-sm-12 block-news__item\" data-aos=\"fade-up\">\r\n    <a href=\"https:\/\/krabo.len.ee\/lv\/graf-eiropas-lideris-notekudens-apsaimniekosanas-risinajumos\/\" class=\"hover\" aria-label=\"Las\u012bt vair\u0101k\"><\/a>\r\n    <div class=\"block-news__item-image\">\r\n        <figure>\r\n            <img loading=\"lazy\" decoding=\"async\" width=\"400\" height=\"230\" src=\"https:\/\/krabo.len.ee\/wp-content\/uploads\/2025\/10\/csm_2022_60_Jahre_Erfahrung_d41ee120a6-400x230.png\" class=\"attachment-block-news size-block-news wp-post-image\" alt=\"\" srcset=\"https:\/\/krabo.len.ee\/wp-content\/uploads\/2025\/10\/csm_2022_60_Jahre_Erfahrung_d41ee120a6-400x230.png 400w, https:\/\/krabo.len.ee\/wp-content\/uploads\/2025\/10\/csm_2022_60_Jahre_Erfahrung_d41ee120a6-615x355.png 615w\" sizes=\"auto, (max-width: 400px) 100vw, 400px\" \/>        <\/figure>\r\n    <\/div>\r\n    <div class=\"block-news__item-content\">\r\n        <div class=\"block-news__item-date\">26.10.2025<\/div>\r\n        <div class=\"block-news__item-title\">GRAF \u2013 Eiropas l\u012bderis notek\u016bdens apsaimnieko\u0161anas risin\u0101jumos<\/div>\r\n        <a href=\"https:\/\/krabo.len.ee\/lv\/graf-eiropas-lideris-notekudens-apsaimniekosanas-risinajumos\/\" class=\"btn-simple  silver\">Las\u012bt vair\u0101k <svg data-name=\"arrow_right\"\r\n                xmlns=\"http:\/\/www.w3.org\/2000\/svg\" viewBox=\"0 0 5.49 9.56\">\r\n                <g>\r\n                    <polyline points=\".35 .35 4.78 4.78 .35 9.21\"><\/polyline>\r\n                <\/g>\r\n            <\/svg><\/a>\r\n    <\/div>\r\n<\/div>                        \r\n                                                    <div class=\"col-4 col-sm-12 block-news__item\" data-aos=\"fade-up\">\r\n    <a href=\"https:\/\/krabo.len.ee\/lv\/ka-darbojas-sbr-attirisanas-iekarta-one2clean\/\" class=\"hover\" aria-label=\"Las\u012bt vair\u0101k\"><\/a>\r\n    <div class=\"block-news__item-image\">\r\n        <figure>\r\n            <img loading=\"lazy\" decoding=\"async\" width=\"400\" height=\"230\" src=\"https:\/\/krabo.len.ee\/wp-content\/uploads\/2024\/04\/SBR-5-Graf-Krabo-400x230.jpg\" class=\"attachment-block-news size-block-news wp-post-image\" alt=\"\" srcset=\"https:\/\/krabo.len.ee\/wp-content\/uploads\/2024\/04\/SBR-5-Graf-Krabo-400x230.jpg 400w, https:\/\/krabo.len.ee\/wp-content\/uploads\/2024\/04\/SBR-5-Graf-Krabo-615x355.jpg 615w\" sizes=\"auto, (max-width: 400px) 100vw, 400px\" \/>        <\/figure>\r\n    <\/div>\r\n    <div class=\"block-news__item-content\">\r\n        <div class=\"block-news__item-date\">14.04.2025<\/div>\r\n        <div class=\"block-news__item-title\">K\u0101 darbojas SBR att\u012br\u012b\u0161anas iek\u0101rta? (One2Clean)<\/div>\r\n        <a href=\"https:\/\/krabo.len.ee\/lv\/ka-darbojas-sbr-attirisanas-iekarta-one2clean\/\" class=\"btn-simple  silver\">Las\u012bt vair\u0101k <svg data-name=\"arrow_right\"\r\n                xmlns=\"http:\/\/www.w3.org\/2000\/svg\" viewBox=\"0 0 5.49 9.56\">\r\n                <g>\r\n                    <polyline points=\".35 .35 4.78 4.78 .35 9.21\"><\/polyline>\r\n                <\/g>\r\n            <\/svg><\/a>\r\n    <\/div>\r\n<\/div>                        \r\n                                                                                            \r\n            <\/div>\r\n                        <div class=\"row pt-sm-30 d-md-none d-lg-none\">\r\n                <button class=\"btn-silver-border loadmore\">R\u0101d\u012bt vair\u0101k<\/button>\r\n            <\/div>\r\n                    <\/div>\r\n\r\n    <\/div>\r\n\r\n\n\n\r\n<div class=\"pt-60 pb-170 pt-md-20 pb-md-80 pt-sm-20 pb-sm-80 block-contact\">\r\n    <div class=\"container\">\r\n        <div class=\"row\">\r\n                        <div class=\"section-title\">\r\n                <h3 class=\"section-title__title\"><svg data-name=\"drop\" xmlns=\"http:\/\/www.w3.org\/2000\/svg\"\r\n                        viewBox=\"0 0 21.13 29.6\">\r\n                        <g>\r\n                            <path\r\n                                d=\"m10.57,1.8l7.93,11.87c1.07,1.59,1.64,3.44,1.64,5.36,0,5.28-4.29,9.57-9.57,9.57S1,24.31,1,19.03c0-1.93.57-3.78,1.66-5.38L10.57,1.8m0-1.8L1.83,13.09c-1.15,1.69-1.83,3.74-1.83,5.94,0,5.84,4.73,10.57,10.57,10.57s10.57-4.73,10.57-10.57c0-2.19-.67-4.23-1.81-5.92L10.57,0h0Z\" \/>\r\n                        <\/g>\r\n                    <\/svg> K\u0101 varam Jums pal\u012bdz\u0113t?<\/h3>\r\n            <\/div>\r\n                    <\/div>\r\n        <div class=\"row\">\r\n                        <div class=\"block-contact__info\"><p>M\u016bsu draudz\u012bg\u0101 un zino\u0161\u0101 komanda ir \u0161eit, lai jums pal\u012bdz\u0113tu!<br \/>\nSazinieties ar mums, zvanot, rakstot e-pastu vai izmantojot kontaktformu.<\/p>\n<\/div>\r\n                    <\/div>\r\n        <div class=\"row column-sm\">\r\n                        <div class=\"col-6  col-sm-12 block-contact__item\">\r\n                <div class=\"block-contact__item-icon\">\r\n                    <img loading=\"lazy\" decoding=\"async\" width=\"65\" height=\"66\" src=\"https:\/\/krabo.len.ee\/wp-content\/themes\/krabo\/img\/icon-phone.svg\" alt=\"\">\r\n                <\/div>\r\n                <a href=\"tel:+37167298880\" class=\"block-contact__item-value\">+371 67298880<\/a>\r\n            <\/div>\r\n                                    <div class=\"col-6  col-sm-12 block-contact__item\">\r\n                <div class=\"block-contact__item-icon\">\r\n                    <img loading=\"lazy\" decoding=\"async\" width=\"65\" height=\"48\" src=\"https:\/\/krabo.len.ee\/wp-content\/themes\/krabo\/img\/icon-email.svg\" alt=\"\">\r\n                <\/div>\r\n                <a href=\"mailto:info@krabo.eu\" class=\"block-contact__item-value\">info@krabo.eu<\/a>\r\n            <\/div>\r\n                    <\/div>\r\n                <div class=\"row\">\r\n            <a href=\"https:\/\/krabo.len.ee\/lv\/kontakti\/\" class=\"btn-accent\">Kontakti<\/a>\r\n        <\/div>\r\n            <\/div>\r\n<\/div>\r\n\r\n","protected":false},"excerpt":{"rendered":"","protected":false},"author":2,"featured_media":0,"parent":0,"menu_order":0,"comment_status":"closed","ping_status":"closed","template":"","meta":{"_acf_changed":false,"footnotes":""},"class_list":["post-810","page","type-page","status-publish","hentry"],"acf":[],"yoast_head":"<!-- This site is optimized with the Yoast SEO plugin v22.2 - https:\/\/yoast.com\/wordpress\/plugins\/seo\/ -->\n<title>Jaunumi - Krabo<\/title>\n<meta name=\"robots\" content=\"noindex, follow, max-snippet:-1, max-image-preview:large, max-video-preview:-1\" \/>\n<meta property=\"og:locale\" content=\"lv_LV\" \/>\n<meta property=\"og:type\" content=\"article\" \/>\n<meta property=\"og:title\" content=\"Jaunumi - Krabo\" \/>\n<meta property=\"og:url\" content=\"https:\/\/krabo.len.ee\/lv\/jaunumi\/\" \/>\n<meta property=\"og:site_name\" content=\"Krabo\" \/>\n<meta property=\"article:modified_time\" content=\"2025-04-14T20:21:15+00:00\" \/>\n<meta name=\"twitter:card\" content=\"summary_large_image\" \/>\n<script type=\"application\/ld+json\" class=\"yoast-schema-graph\">{\"@context\":\"https:\/\/schema.org\",\"@graph\":[{\"@type\":\"WebPage\",\"@id\":\"https:\/\/krabo.len.ee\/lv\/jaunumi\/\",\"url\":\"https:\/\/krabo.len.ee\/lv\/jaunumi\/\",\"name\":\"Jaunumi - Krabo\",\"isPartOf\":{\"@id\":\"https:\/\/krabo.len.ee\/#website\"},\"datePublished\":\"2024-02-08T21:52:17+00:00\",\"dateModified\":\"2025-04-14T20:21:15+00:00\",\"breadcrumb\":{\"@id\":\"https:\/\/krabo.len.ee\/lv\/jaunumi\/#breadcrumb\"},\"inLanguage\":\"lv-LV\",\"potentialAction\":[{\"@type\":\"ReadAction\",\"target\":[\"https:\/\/krabo.len.ee\/lv\/jaunumi\/\"]}]},{\"@type\":\"BreadcrumbList\",\"@id\":\"https:\/\/krabo.len.ee\/lv\/jaunumi\/#breadcrumb\",\"itemListElement\":[{\"@type\":\"ListItem\",\"position\":1,\"name\":\"Home\",\"item\":\"https:\/\/krabo.len.ee\/lv\/\"},{\"@type\":\"ListItem\",\"position\":2,\"name\":\"Jaunumi\"}]},{\"@type\":\"WebSite\",\"@id\":\"https:\/\/krabo.len.ee\/#website\",\"url\":\"https:\/\/krabo.len.ee\/\",\"name\":\"Krabo\",\"description\":\"Wastewater Processing Devices and Solutions\",\"publisher\":{\"@id\":\"https:\/\/krabo.len.ee\/#organization\"},\"potentialAction\":[{\"@type\":\"SearchAction\",\"target\":{\"@type\":\"EntryPoint\",\"urlTemplate\":\"https:\/\/krabo.len.ee\/?s={search_term_string}\"},\"query-input\":\"required name=search_term_string\"}],\"inLanguage\":\"lv-LV\"},{\"@type\":\"Organization\",\"@id\":\"https:\/\/krabo.len.ee\/#organization\",\"name\":\"Krabo\",\"url\":\"https:\/\/krabo.len.ee\/\",\"logo\":{\"@type\":\"ImageObject\",\"inLanguage\":\"lv-LV\",\"@id\":\"https:\/\/krabo.len.ee\/#\/schema\/logo\/image\/\",\"url\":\"https:\/\/krabo.len.ee\/wp-content\/uploads\/2024\/02\/logo.svg\",\"contentUrl\":\"https:\/\/krabo.len.ee\/wp-content\/uploads\/2024\/02\/logo.svg\",\"width\":145,\"height\":26,\"caption\":\"Krabo\"},\"image\":{\"@id\":\"https:\/\/krabo.len.ee\/#\/schema\/logo\/image\/\"}}]}<\/script>\n<!-- \/ Yoast SEO plugin. -->","yoast_head_json":{"title":"Jaunumi - Krabo","robots":{"index":"noindex","follow":"follow","max-snippet":"max-snippet:-1","max-image-preview":"max-image-preview:large","max-video-preview":"max-video-preview:-1"},"og_locale":"lv_LV","og_type":"article","og_title":"Jaunumi - Krabo","og_url":"https:\/\/krabo.len.ee\/lv\/jaunumi\/","og_site_name":"Krabo","article_modified_time":"2025-04-14T20:21:15+00:00","twitter_card":"summary_large_image","schema":{"@context":"https:\/\/schema.org","@graph":[{"@type":"WebPage","@id":"https:\/\/krabo.len.ee\/lv\/jaunumi\/","url":"https:\/\/krabo.len.ee\/lv\/jaunumi\/","name":"Jaunumi - Krabo","isPartOf":{"@id":"https:\/\/krabo.len.ee\/#website"},"datePublished":"2024-02-08T21:52:17+00:00","dateModified":"2025-04-14T20:21:15+00:00","breadcrumb":{"@id":"https:\/\/krabo.len.ee\/lv\/jaunumi\/#breadcrumb"},"inLanguage":"lv-LV","potentialAction":[{"@type":"ReadAction","target":["https:\/\/krabo.len.ee\/lv\/jaunumi\/"]}]},{"@type":"BreadcrumbList","@id":"https:\/\/krabo.len.ee\/lv\/jaunumi\/#breadcrumb","itemListElement":[{"@type":"ListItem","position":1,"name":"Home","item":"https:\/\/krabo.len.ee\/lv\/"},{"@type":"ListItem","position":2,"name":"Jaunumi"}]},{"@type":"WebSite","@id":"https:\/\/krabo.len.ee\/#website","url":"https:\/\/krabo.len.ee\/","name":"Krabo","description":"Wastewater Processing Devices and Solutions","publisher":{"@id":"https:\/\/krabo.len.ee\/#organization"},"potentialAction":[{"@type":"SearchAction","target":{"@type":"EntryPoint","urlTemplate":"https:\/\/krabo.len.ee\/?s={search_term_string}"},"query-input":"required name=search_term_string"}],"inLanguage":"lv-LV"},{"@type":"Organization","@id":"https:\/\/krabo.len.ee\/#organization","name":"Krabo","url":"https:\/\/krabo.len.ee\/","logo":{"@type":"ImageObject","inLanguage":"lv-LV","@id":"https:\/\/krabo.len.ee\/#\/schema\/logo\/image\/","url":"https:\/\/krabo.len.ee\/wp-content\/uploads\/2024\/02\/logo.svg","contentUrl":"https:\/\/krabo.len.ee\/wp-content\/uploads\/2024\/02\/logo.svg","width":145,"height":26,"caption":"Krabo"},"image":{"@id":"https:\/\/krabo.len.ee\/#\/schema\/logo\/image\/"}}]}},"_links":{"self":[{"href":"https:\/\/krabo.len.ee\/lv\/wp-json\/wp\/v2\/pages\/810","targetHints":{"allow":["GET"]}}],"collection":[{"href":"https:\/\/krabo.len.ee\/lv\/wp-json\/wp\/v2\/pages"}],"about":[{"href":"https:\/\/krabo.len.ee\/lv\/wp-json\/wp\/v2\/types\/page"}],"author":[{"embeddable":true,"href":"https:\/\/krabo.len.ee\/lv\/wp-json\/wp\/v2\/users\/2"}],"replies":[{"embeddable":true,"href":"https:\/\/krabo.len.ee\/lv\/wp-json\/wp\/v2\/comments?post=810"}],"version-history":[{"count":2,"href":"https:\/\/krabo.len.ee\/lv\/wp-json\/wp\/v2\/pages\/810\/revisions"}],"predecessor-version":[{"id":1718,"href":"https:\/\/krabo.len.ee\/lv\/wp-json\/wp\/v2\/pages\/810\/revisions\/1718"}],"wp:attachment":[{"href":"https:\/\/krabo.len.ee\/lv\/wp-json\/wp\/v2\/media?parent=810"}],"curies":[{"name":"wp","href":"https:\/\/api.w.org\/{rel}","templated":true}]}}