{"id":806,"date":"2024-02-08T21:48:17","date_gmt":"2024-02-08T21:48:17","guid":{"rendered":"https:\/\/krabo.len.ee\/about\/"},"modified":"2024-07-08T20:58:06","modified_gmt":"2024-07-08T20:58:06","slug":"par-mums","status":"publish","type":"page","link":"https:\/\/krabo.len.ee\/lv\/par-mums\/","title":{"rendered":"Par mums"},"content":{"rendered":"\r\n<div class=\"pt-50 pb-40 pt-md-40 pb-md-40 pt-sm-40 pb-sm-40 color-white bg-color-yellow with-info page-title\">\r\n    <div class=\"container\">\r\n        <h1 class=\"page-title__title\"><svg data-name=\"drop\" xmlns=\"http:\/\/www.w3.org\/2000\/svg\"\r\n                viewBox=\"0 0 21.13 29.6\">\r\n                <g>\r\n                    <path\r\n                        d=\"m10.57,1.8l7.93,11.87c1.07,1.59,1.64,3.44,1.64,5.36,0,5.28-4.29,9.57-9.57,9.57S1,24.31,1,19.03c0-1.93.57-3.78,1.66-5.38L10.57,1.8m0-1.8L1.83,13.09c-1.15,1.69-1.83,3.74-1.83,5.94,0,5.84,4.73,10.57,10.57,10.57s10.57-4.73,10.57-10.57c0-2.19-.67-4.23-1.81-5.92L10.57,0h0Z\" \/>\r\n                <\/g>\r\n            <\/svg>Par mums<\/h1>\r\n                <div class=\"page-title__info\">Kop\u0161 darb\u012bbas uzs\u0101k\u0161anas 2011. gad\u0101 esam k\u013cuvu\u0161i par tirgus l\u012bderiem gan iek\u0101rtu, gan tehnolo\u0123isko risin\u0101jumu jom\u0101. P\u0101rst\u0101vam lab\u0101kos Eiropas \u016bdenssaimniec\u012bbas produktu ra\u017eot\u0101jus, bet \u012bpa\u0161i lepojamies ar m\u016bsu pa\u0161u ra\u017eotaj\u0101m iek\u0101rt\u0101m, kuras ekspluat\u0101cijas laik\u0101 pier\u0101d\u012bju\u0161as savu augsto kvalit\u0101ti.<\/div>\r\n            <\/div>\r\n<\/div>\r\n\r\n\n\n\r\n<div class=\"pt-60 pb-100 pt-md-40 pb-md-0 pt-sm-30 pb-sm-0 block-about\">\r\n    <div class=\"container\">\r\n                        <div class=\"row column-sm\">\r\n                        <div class=\"col-4 col-sm-12 block-about__item  with-info\" data-aos=\"fade-up\" data-aos-delay=\"0\">\r\n                <div class=\"block-about__item-icon\"><img loading=\"lazy\" decoding=\"async\" \r\n                    width=\"80\" \r\n                    height=\"89\" \r\n                    src=\"https:\/\/krabo.len.ee\/wp-content\/uploads\/2024\/03\/icon-about-green-1.svg\" \r\n                    alt=\"\"><\/div>\r\n                <div class=\"block-about__item-title\">Pla\u0161\u0101kais tehnolo\u0123isko iek\u0101rtu un risin\u0101jumu pied\u0101v\u0101jums.<\/div>\r\n                                    <div class=\"block-about__item-info\">Mums ir viss, lai realiz\u0113tu pat sare\u017e\u0123\u012bt\u0101kos projektus! Nepiecie\u0161ami nestandarta risin\u0101jumi? Jaut\u0101 \u2013 t\u0101 ir m\u016bsu stipr\u0101 puse! M\u016bsu r\u012bc\u012bb\u0101 ir tehnolo\u0123ijas un zin\u0101\u0161anas, kas \u013cauj izgatavot katram objektam piem\u0113rot\u0101k\u0101s iek\u0101rtas, nodro\u0161inot klienta v\u0113lmju piepild\u012bjumu par 100%.<\/div>\r\n                \r\n            <\/div>\r\n                        <div class=\"col-4 col-sm-12 block-about__item  with-info\" data-aos=\"fade-up\" data-aos-delay=\"100\">\r\n                <div class=\"block-about__item-icon\"><img loading=\"lazy\" decoding=\"async\" \r\n                    width=\"80\" \r\n                    height=\"67\" \r\n                    src=\"https:\/\/krabo.len.ee\/wp-content\/uploads\/2024\/03\/icon-about-green-2.svg\" \r\n                    alt=\"\"><\/div>\r\n                <div class=\"block-about__item-title\">Latvijas \u2013 Somijas kopuz\u0146\u0113mums ar vair\u0101k k\u0101 4735 realiz\u0113tiem projektiem Latvij\u0101 un Eirop\u0101! <\/div>\r\n                                    <div class=\"block-about__item-info\">Esam p\u0101r\u0146\u0113mu\u0161i zin\u0101\u0161anas un pieredzi no lab\u0101kajiem Somijas speci\u0101listiem notek\u016bde\u0146u att\u012br\u012b\u0161anas jom\u0101, izveidojot sp\u0113c\u012bgu, profesion\u0101lu komandu, kuras teicamos rezult\u0101tus apliecina lielais realiz\u0113to projektu skaits!<\/div>\r\n                \r\n            <\/div>\r\n                        <div class=\"col-4 col-sm-12 block-about__item  with-info\" data-aos=\"fade-up\" data-aos-delay=\"200\">\r\n                <div class=\"block-about__item-icon\"><img loading=\"lazy\" decoding=\"async\" \r\n                    width=\"93\" \r\n                    height=\"77\" \r\n                    src=\"https:\/\/krabo.len.ee\/wp-content\/uploads\/2024\/03\/icon-about-green-3.svg\" \r\n                    alt=\"\"><\/div>\r\n                <div class=\"block-about__item-title\">Sniedzam konsult\u0101cijas un p\u0113capkalpo\u0161anas servisu! <\/div>\r\n                                    <div class=\"block-about__item-info\">Aicin\u0101m j\u016bs elektroniski sazin\u0101ties ar mums, ja nepiecie\u0161ama tehniska konsult\u0101cija, radu\u0161ies sare\u017e\u0123\u012bjumi vai v\u0113laties pieteikt objektu regul\u0101ras apkopes servisam! Mums r\u016bp, lai j\u016bs sa\u0146emtu lab\u0101ko iesp\u0113jamo situ\u0101cijas risin\u0101jumu, t\u0101d\u0113\u013c atbildes sagatavo\u0161ana aiz\u0146em nedaudz laika. Mazliet paciet\u012bbas un j\u016bs sa\u0146emsiet profesion\u0101lu atbildi uz ies\u016bt\u012bto jaut\u0101jumu!<\/div>\r\n                \r\n            <\/div>\r\n                    <\/div>\r\n                    <\/div>\r\n<\/div>\r\n\r\n\n\n\r\n<div class=\"pt-60 pb-170 pt-md-60 pb-md-100 pt-sm-60 pb-sm-80 block-contact\">\r\n    <div class=\"container\">\r\n        <div class=\"row\">\r\n                        <div class=\"section-title\">\r\n                <h3 class=\"section-title__title\"><svg data-name=\"drop\" xmlns=\"http:\/\/www.w3.org\/2000\/svg\"\r\n                        viewBox=\"0 0 21.13 29.6\">\r\n                        <g>\r\n                            <path\r\n                                d=\"m10.57,1.8l7.93,11.87c1.07,1.59,1.64,3.44,1.64,5.36,0,5.28-4.29,9.57-9.57,9.57S1,24.31,1,19.03c0-1.93.57-3.78,1.66-5.38L10.57,1.8m0-1.8L1.83,13.09c-1.15,1.69-1.83,3.74-1.83,5.94,0,5.84,4.73,10.57,10.57,10.57s10.57-4.73,10.57-10.57c0-2.19-.67-4.23-1.81-5.92L10.57,0h0Z\" \/>\r\n                        <\/g>\r\n                    <\/svg> K\u0101 varam Jums pal\u012bdz\u0113t?<\/h3>\r\n            <\/div>\r\n                    <\/div>\r\n        <div class=\"row\">\r\n                        <div class=\"block-contact__info\"><p>M\u016bsu draudz\u012bg\u0101 un zino\u0161\u0101 komanda ir \u0161eit, lai jums pal\u012bdz\u0113tu!<br \/>\nSazinieties ar mums, zvanot, rakstot e-pastu vai izmantojot kontaktformu.<\/p>\n<\/div>\r\n                    <\/div>\r\n        <div class=\"row column-sm\">\r\n                        <div class=\"col-6  col-sm-12 block-contact__item\">\r\n                <div class=\"block-contact__item-icon\">\r\n                    <img loading=\"lazy\" decoding=\"async\" width=\"65\" height=\"66\" src=\"https:\/\/krabo.len.ee\/wp-content\/themes\/krabo\/img\/icon-phone.svg\" alt=\"\">\r\n                <\/div>\r\n                <a href=\"tel:+37167298880\" class=\"block-contact__item-value\">+371 67298880<\/a>\r\n            <\/div>\r\n                                    <div class=\"col-6  col-sm-12 block-contact__item\">\r\n                <div class=\"block-contact__item-icon\">\r\n                    <img loading=\"lazy\" decoding=\"async\" width=\"65\" height=\"48\" src=\"https:\/\/krabo.len.ee\/wp-content\/themes\/krabo\/img\/icon-email.svg\" alt=\"\">\r\n                <\/div>\r\n                <a href=\"mailto:info@krabo.eu\" class=\"block-contact__item-value\">info@krabo.eu<\/a>\r\n            <\/div>\r\n                    <\/div>\r\n                <div class=\"row\">\r\n            <a href=\"https:\/\/krabo.len.ee\/lv\/kontakti\/\" class=\"btn-accent\">Kontakti<\/a>\r\n        <\/div>\r\n            <\/div>\r\n<\/div>\r\n\r\n","protected":false},"excerpt":{"rendered":"","protected":false},"author":2,"featured_media":0,"parent":0,"menu_order":0,"comment_status":"closed","ping_status":"closed","template":"","meta":{"_acf_changed":false,"footnotes":""},"class_list":["post-806","page","type-page","status-publish","hentry"],"acf":[],"yoast_head":"<!-- This site is optimized with the Yoast SEO plugin v22.2 - https:\/\/yoast.com\/wordpress\/plugins\/seo\/ -->\n<title>Par mums - Krabo<\/title>\n<meta name=\"description\" content=\"Kop\u0161 2011. gada Krabo ir tirgus l\u012bderis \u016bdenssaimniec\u012bbas jom\u0101 ar vair\u0101k nek\u0101 4757 realiz\u0113tiem projektiem. Pied\u0101v\u0101jam notek\u016bde\u0146u att\u012br\u012b\u0161anas iek\u0101rtas, s\u016bk\u0146u stacijas, tvertnes, atdal\u012bt\u0101jus, infiltr\u0101cijas risin\u0101jumus un nestandarta risin\u0101jumus.\" \/>\n<meta name=\"robots\" content=\"noindex, follow, max-snippet:-1, max-image-preview:large, max-video-preview:-1\" \/>\n<meta property=\"og:locale\" content=\"lv_LV\" \/>\n<meta property=\"og:type\" content=\"article\" \/>\n<meta property=\"og:title\" content=\"Par mums - Krabo\" \/>\n<meta property=\"og:description\" content=\"Kop\u0161 2011. gada Krabo ir tirgus l\u012bderis \u016bdenssaimniec\u012bbas jom\u0101 ar vair\u0101k nek\u0101 4757 realiz\u0113tiem projektiem. Pied\u0101v\u0101jam notek\u016bde\u0146u att\u012br\u012b\u0161anas iek\u0101rtas, s\u016bk\u0146u stacijas, tvertnes, atdal\u012bt\u0101jus, infiltr\u0101cijas risin\u0101jumus un nestandarta risin\u0101jumus.\" \/>\n<meta property=\"og:url\" content=\"https:\/\/krabo.len.ee\/lv\/par-mums\/\" \/>\n<meta property=\"og:site_name\" content=\"Krabo\" \/>\n<meta property=\"article:modified_time\" content=\"2024-07-08T20:58:06+00:00\" \/>\n<meta name=\"twitter:card\" content=\"summary_large_image\" \/>\n<script type=\"application\/ld+json\" class=\"yoast-schema-graph\">{\"@context\":\"https:\/\/schema.org\",\"@graph\":[{\"@type\":\"WebPage\",\"@id\":\"https:\/\/krabo.len.ee\/lv\/par-mums\/\",\"url\":\"https:\/\/krabo.len.ee\/lv\/par-mums\/\",\"name\":\"Par mums - Krabo\",\"isPartOf\":{\"@id\":\"https:\/\/krabo.len.ee\/#website\"},\"datePublished\":\"2024-02-08T21:48:17+00:00\",\"dateModified\":\"2024-07-08T20:58:06+00:00\",\"description\":\"Kop\u0161 2011. gada Krabo ir tirgus l\u012bderis \u016bdenssaimniec\u012bbas jom\u0101 ar vair\u0101k nek\u0101 4757 realiz\u0113tiem projektiem. Pied\u0101v\u0101jam notek\u016bde\u0146u att\u012br\u012b\u0161anas iek\u0101rtas, s\u016bk\u0146u stacijas, tvertnes, atdal\u012bt\u0101jus, infiltr\u0101cijas risin\u0101jumus un nestandarta risin\u0101jumus.\",\"breadcrumb\":{\"@id\":\"https:\/\/krabo.len.ee\/lv\/par-mums\/#breadcrumb\"},\"inLanguage\":\"lv-LV\",\"potentialAction\":[{\"@type\":\"ReadAction\",\"target\":[\"https:\/\/krabo.len.ee\/lv\/par-mums\/\"]}]},{\"@type\":\"BreadcrumbList\",\"@id\":\"https:\/\/krabo.len.ee\/lv\/par-mums\/#breadcrumb\",\"itemListElement\":[{\"@type\":\"ListItem\",\"position\":1,\"name\":\"Home\",\"item\":\"https:\/\/krabo.len.ee\/lv\/\"},{\"@type\":\"ListItem\",\"position\":2,\"name\":\"Par mums\"}]},{\"@type\":\"WebSite\",\"@id\":\"https:\/\/krabo.len.ee\/#website\",\"url\":\"https:\/\/krabo.len.ee\/\",\"name\":\"Krabo\",\"description\":\"Wastewater Processing Devices and Solutions\",\"publisher\":{\"@id\":\"https:\/\/krabo.len.ee\/#organization\"},\"potentialAction\":[{\"@type\":\"SearchAction\",\"target\":{\"@type\":\"EntryPoint\",\"urlTemplate\":\"https:\/\/krabo.len.ee\/?s={search_term_string}\"},\"query-input\":\"required name=search_term_string\"}],\"inLanguage\":\"lv-LV\"},{\"@type\":\"Organization\",\"@id\":\"https:\/\/krabo.len.ee\/#organization\",\"name\":\"Krabo\",\"url\":\"https:\/\/krabo.len.ee\/\",\"logo\":{\"@type\":\"ImageObject\",\"inLanguage\":\"lv-LV\",\"@id\":\"https:\/\/krabo.len.ee\/#\/schema\/logo\/image\/\",\"url\":\"https:\/\/krabo.len.ee\/wp-content\/uploads\/2024\/02\/logo.svg\",\"contentUrl\":\"https:\/\/krabo.len.ee\/wp-content\/uploads\/2024\/02\/logo.svg\",\"width\":145,\"height\":26,\"caption\":\"Krabo\"},\"image\":{\"@id\":\"https:\/\/krabo.len.ee\/#\/schema\/logo\/image\/\"}}]}<\/script>\n<!-- \/ Yoast SEO plugin. -->","yoast_head_json":{"title":"Par mums - Krabo","description":"Kop\u0161 2011. gada Krabo ir tirgus l\u012bderis \u016bdenssaimniec\u012bbas jom\u0101 ar vair\u0101k nek\u0101 4757 realiz\u0113tiem projektiem. Pied\u0101v\u0101jam notek\u016bde\u0146u att\u012br\u012b\u0161anas iek\u0101rtas, s\u016bk\u0146u stacijas, tvertnes, atdal\u012bt\u0101jus, infiltr\u0101cijas risin\u0101jumus un nestandarta risin\u0101jumus.","robots":{"index":"noindex","follow":"follow","max-snippet":"max-snippet:-1","max-image-preview":"max-image-preview:large","max-video-preview":"max-video-preview:-1"},"og_locale":"lv_LV","og_type":"article","og_title":"Par mums - Krabo","og_description":"Kop\u0161 2011. gada Krabo ir tirgus l\u012bderis \u016bdenssaimniec\u012bbas jom\u0101 ar vair\u0101k nek\u0101 4757 realiz\u0113tiem projektiem. Pied\u0101v\u0101jam notek\u016bde\u0146u att\u012br\u012b\u0161anas iek\u0101rtas, s\u016bk\u0146u stacijas, tvertnes, atdal\u012bt\u0101jus, infiltr\u0101cijas risin\u0101jumus un nestandarta risin\u0101jumus.","og_url":"https:\/\/krabo.len.ee\/lv\/par-mums\/","og_site_name":"Krabo","article_modified_time":"2024-07-08T20:58:06+00:00","twitter_card":"summary_large_image","schema":{"@context":"https:\/\/schema.org","@graph":[{"@type":"WebPage","@id":"https:\/\/krabo.len.ee\/lv\/par-mums\/","url":"https:\/\/krabo.len.ee\/lv\/par-mums\/","name":"Par mums - Krabo","isPartOf":{"@id":"https:\/\/krabo.len.ee\/#website"},"datePublished":"2024-02-08T21:48:17+00:00","dateModified":"2024-07-08T20:58:06+00:00","description":"Kop\u0161 2011. gada Krabo ir tirgus l\u012bderis \u016bdenssaimniec\u012bbas jom\u0101 ar vair\u0101k nek\u0101 4757 realiz\u0113tiem projektiem. Pied\u0101v\u0101jam notek\u016bde\u0146u att\u012br\u012b\u0161anas iek\u0101rtas, s\u016bk\u0146u stacijas, tvertnes, atdal\u012bt\u0101jus, infiltr\u0101cijas risin\u0101jumus un nestandarta risin\u0101jumus.","breadcrumb":{"@id":"https:\/\/krabo.len.ee\/lv\/par-mums\/#breadcrumb"},"inLanguage":"lv-LV","potentialAction":[{"@type":"ReadAction","target":["https:\/\/krabo.len.ee\/lv\/par-mums\/"]}]},{"@type":"BreadcrumbList","@id":"https:\/\/krabo.len.ee\/lv\/par-mums\/#breadcrumb","itemListElement":[{"@type":"ListItem","position":1,"name":"Home","item":"https:\/\/krabo.len.ee\/lv\/"},{"@type":"ListItem","position":2,"name":"Par mums"}]},{"@type":"WebSite","@id":"https:\/\/krabo.len.ee\/#website","url":"https:\/\/krabo.len.ee\/","name":"Krabo","description":"Wastewater Processing Devices and Solutions","publisher":{"@id":"https:\/\/krabo.len.ee\/#organization"},"potentialAction":[{"@type":"SearchAction","target":{"@type":"EntryPoint","urlTemplate":"https:\/\/krabo.len.ee\/?s={search_term_string}"},"query-input":"required name=search_term_string"}],"inLanguage":"lv-LV"},{"@type":"Organization","@id":"https:\/\/krabo.len.ee\/#organization","name":"Krabo","url":"https:\/\/krabo.len.ee\/","logo":{"@type":"ImageObject","inLanguage":"lv-LV","@id":"https:\/\/krabo.len.ee\/#\/schema\/logo\/image\/","url":"https:\/\/krabo.len.ee\/wp-content\/uploads\/2024\/02\/logo.svg","contentUrl":"https:\/\/krabo.len.ee\/wp-content\/uploads\/2024\/02\/logo.svg","width":145,"height":26,"caption":"Krabo"},"image":{"@id":"https:\/\/krabo.len.ee\/#\/schema\/logo\/image\/"}}]}},"_links":{"self":[{"href":"https:\/\/krabo.len.ee\/lv\/wp-json\/wp\/v2\/pages\/806","targetHints":{"allow":["GET"]}}],"collection":[{"href":"https:\/\/krabo.len.ee\/lv\/wp-json\/wp\/v2\/pages"}],"about":[{"href":"https:\/\/krabo.len.ee\/lv\/wp-json\/wp\/v2\/types\/page"}],"author":[{"embeddable":true,"href":"https:\/\/krabo.len.ee\/lv\/wp-json\/wp\/v2\/users\/2"}],"replies":[{"embeddable":true,"href":"https:\/\/krabo.len.ee\/lv\/wp-json\/wp\/v2\/comments?post=806"}],"version-history":[{"count":11,"href":"https:\/\/krabo.len.ee\/lv\/wp-json\/wp\/v2\/pages\/806\/revisions"}],"predecessor-version":[{"id":1466,"href":"https:\/\/krabo.len.ee\/lv\/wp-json\/wp\/v2\/pages\/806\/revisions\/1466"}],"wp:attachment":[{"href":"https:\/\/krabo.len.ee\/lv\/wp-json\/wp\/v2\/media?parent=806"}],"curies":[{"name":"wp","href":"https:\/\/api.w.org\/{rel}","templated":true}]}}